{"id":99,"date":"2025-10-26T13:22:57","date_gmt":"2025-10-26T13:22:57","guid":{"rendered":"http:\/\/lottzilla.net\/ana-sayfa\/"},"modified":"2025-10-26T13:22:57","modified_gmt":"2025-10-26T13:22:57","slug":"ana-sayfa","status":"publish","type":"page","link":"http:\/\/lottzilla.net\/tr\/","title":{"rendered":"Ana Sayfa"},"content":{"rendered":"<h2 style=\"text-align: center;\">Online loto bileti hizmetimize ho\u015f geldiniz!<\/h2>\n<p style=\"text-align: center;\">Bizim arac\u0131l\u0131\u011f\u0131m\u0131zla, gezegenin en b\u00fcy\u00fck jackpotlar\u0131 i\u00e7in loto biletleri alabilirsiniz. Nerede ya\u015fad\u0131\u011f\u0131n\u0131z \u00f6nemli de\u011fil, sundu\u011fumuz bu hizmeti sunan her t\u00fcrl\u00fc lotoya kat\u0131labilirsiniz. Bir lotoya kat\u0131lmak i\u00e7in yasal olarak yeterli ya\u015fta olman\u0131z gerekir (bulundu\u011funuz b\u00f6lgeye g\u00f6re). \u00dcstteki men\u00fcden bir loto se\u00e7in veya a\u015fa\u011f\u0131daki banner\u2019a t\u0131klayarak ba\u015flay\u0131n.<\/p>\n<p> &nbsp; <\/p>\n","protected":false},"excerpt":{"rendered":"<p>Online loto bileti hizmetimize ho\u015f geldiniz! Bizim arac\u0131l\u0131\u011f\u0131m\u0131zla, gezegenin en b\u00fcy\u00fck jackpotlar\u0131 i\u00e7in loto biletleri alabilirsiniz. Nerede ya\u015fad\u0131\u011f\u0131n\u0131z \u00f6nemli de\u011fil, sundu\u011fumuz bu hizmeti sunan her t\u00fcrl\u00fc lotoya kat\u0131labilirsiniz. Bir lotoya kat\u0131lmak i\u00e7in yasal olarak yeterli ya\u015fta olman\u0131z gerekir (bulundu\u011funuz b\u00f6lgeye g\u00f6re). \u00dcstteki men\u00fcden bir loto se\u00e7in veya a\u015fa\u011f\u0131daki banner\u2019a t\u0131klayarak ba\u015flay\u0131n. &nbsp;<\/p>\n","protected":false},"author":1,"featured_media":0,"parent":0,"menu_order":0,"comment_status":"closed","ping_status":"closed","template":"","meta":{"inspiro_hide_title":false,"footnotes":""},"class_list":["post-99","page","type-page","status-publish","hentry"],"yoast_head":"<!-- This site is optimized with the Yoast SEO plugin v27.6 - https:\/\/yoast.com\/product\/yoast-seo-wordpress\/ -->\n<title>Ana Sayfa<\/title>\n<meta name=\"robots\" content=\"index, follow, max-snippet:-1, max-image-preview:large, max-video-preview:-1\" \/>\n<link rel=\"canonical\" href=\"http:\/\/lottzilla.net\/tr\/\" \/>\n<meta property=\"og:locale\" content=\"tr_TR\" \/>\n<meta property=\"og:type\" content=\"article\" \/>\n<meta property=\"og:title\" content=\"Ana Sayfa\" \/>\n<meta property=\"og:description\" content=\"Online loto bileti hizmetimize ho\u015f geldiniz! Bizim arac\u0131l\u0131\u011f\u0131m\u0131zla, gezegenin en b\u00fcy\u00fck jackpotlar\u0131 i\u00e7in loto biletleri alabilirsiniz. Nerede ya\u015fad\u0131\u011f\u0131n\u0131z \u00f6nemli de\u011fil, sundu\u011fumuz bu hizmeti sunan her t\u00fcrl\u00fc lotoya kat\u0131labilirsiniz. Bir lotoya kat\u0131lmak i\u00e7in yasal olarak yeterli ya\u015fta olman\u0131z gerekir (bulundu\u011funuz b\u00f6lgeye g\u00f6re). \u00dcstteki men\u00fcden bir loto se\u00e7in veya a\u015fa\u011f\u0131daki banner\u2019a t\u0131klayarak ba\u015flay\u0131n. &nbsp;\" \/>\n<meta property=\"og:url\" content=\"http:\/\/lottzilla.net\/tr\/\" \/>\n<meta name=\"twitter:card\" content=\"summary_large_image\" \/>\n<script type=\"application\/ld+json\" class=\"yoast-schema-graph\">{\"@context\":\"https:\\\/\\\/schema.org\",\"@graph\":[{\"@type\":\"WebPage\",\"@id\":\"http:\\\/\\\/lottzilla.net\\\/tr\\\/\",\"url\":\"http:\\\/\\\/lottzilla.net\\\/tr\\\/\",\"name\":\"Ana Sayfa\",\"isPartOf\":{\"@id\":\"https:\\\/\\\/lottzilla.net\\\/ja\\\/#website\"},\"datePublished\":\"2025-10-26T13:22:57+00:00\",\"breadcrumb\":{\"@id\":\"http:\\\/\\\/lottzilla.net\\\/tr\\\/#breadcrumb\"},\"inLanguage\":\"tr\",\"potentialAction\":[{\"@type\":\"ReadAction\",\"target\":[\"http:\\\/\\\/lottzilla.net\\\/tr\\\/\"]}]},{\"@type\":\"BreadcrumbList\",\"@id\":\"http:\\\/\\\/lottzilla.net\\\/tr\\\/#breadcrumb\",\"itemListElement\":[{\"@type\":\"ListItem\",\"position\":1,\"name\":\"Home\",\"item\":\"http:\\\/\\\/lottzilla.net\\\/tr\\\/\"},{\"@type\":\"ListItem\",\"position\":2,\"name\":\"Ana Sayfa\"}]},{\"@type\":\"WebSite\",\"@id\":\"https:\\\/\\\/lottzilla.net\\\/ja\\\/#website\",\"url\":\"https:\\\/\\\/lottzilla.net\\\/ja\\\/\",\"name\":\"\",\"description\":\"\",\"potentialAction\":[{\"@type\":\"SearchAction\",\"target\":{\"@type\":\"EntryPoint\",\"urlTemplate\":\"https:\\\/\\\/lottzilla.net\\\/ja\\\/?s={search_term_string}\"},\"query-input\":{\"@type\":\"PropertyValueSpecification\",\"valueRequired\":true,\"valueName\":\"search_term_string\"}}],\"inLanguage\":\"tr\"}]}<\/script>\n<!-- \/ Yoast SEO plugin. -->","yoast_head_json":{"title":"Ana Sayfa","robots":{"index":"index","follow":"follow","max-snippet":"max-snippet:-1","max-image-preview":"max-image-preview:large","max-video-preview":"max-video-preview:-1"},"canonical":"http:\/\/lottzilla.net\/tr\/","og_locale":"tr_TR","og_type":"article","og_title":"Ana Sayfa","og_description":"Online loto bileti hizmetimize ho\u015f geldiniz! Bizim arac\u0131l\u0131\u011f\u0131m\u0131zla, gezegenin en b\u00fcy\u00fck jackpotlar\u0131 i\u00e7in loto biletleri alabilirsiniz. Nerede ya\u015fad\u0131\u011f\u0131n\u0131z \u00f6nemli de\u011fil, sundu\u011fumuz bu hizmeti sunan her t\u00fcrl\u00fc lotoya kat\u0131labilirsiniz. Bir lotoya kat\u0131lmak i\u00e7in yasal olarak yeterli ya\u015fta olman\u0131z gerekir (bulundu\u011funuz b\u00f6lgeye g\u00f6re). \u00dcstteki men\u00fcden bir loto se\u00e7in veya a\u015fa\u011f\u0131daki banner\u2019a t\u0131klayarak ba\u015flay\u0131n. &nbsp;","og_url":"http:\/\/lottzilla.net\/tr\/","twitter_card":"summary_large_image","schema":{"@context":"https:\/\/schema.org","@graph":[{"@type":"WebPage","@id":"http:\/\/lottzilla.net\/tr\/","url":"http:\/\/lottzilla.net\/tr\/","name":"Ana Sayfa","isPartOf":{"@id":"https:\/\/lottzilla.net\/ja\/#website"},"datePublished":"2025-10-26T13:22:57+00:00","breadcrumb":{"@id":"http:\/\/lottzilla.net\/tr\/#breadcrumb"},"inLanguage":"tr","potentialAction":[{"@type":"ReadAction","target":["http:\/\/lottzilla.net\/tr\/"]}]},{"@type":"BreadcrumbList","@id":"http:\/\/lottzilla.net\/tr\/#breadcrumb","itemListElement":[{"@type":"ListItem","position":1,"name":"Home","item":"http:\/\/lottzilla.net\/tr\/"},{"@type":"ListItem","position":2,"name":"Ana Sayfa"}]},{"@type":"WebSite","@id":"https:\/\/lottzilla.net\/ja\/#website","url":"https:\/\/lottzilla.net\/ja\/","name":"","description":"","potentialAction":[{"@type":"SearchAction","target":{"@type":"EntryPoint","urlTemplate":"https:\/\/lottzilla.net\/ja\/?s={search_term_string}"},"query-input":{"@type":"PropertyValueSpecification","valueRequired":true,"valueName":"search_term_string"}}],"inLanguage":"tr"}]}},"_links":{"self":[{"href":"http:\/\/lottzilla.net\/tr\/wp-json\/wp\/v2\/pages\/99","targetHints":{"allow":["GET"]}}],"collection":[{"href":"http:\/\/lottzilla.net\/tr\/wp-json\/wp\/v2\/pages"}],"about":[{"href":"http:\/\/lottzilla.net\/tr\/wp-json\/wp\/v2\/types\/page"}],"author":[{"embeddable":true,"href":"http:\/\/lottzilla.net\/tr\/wp-json\/wp\/v2\/users\/1"}],"replies":[{"embeddable":true,"href":"http:\/\/lottzilla.net\/tr\/wp-json\/wp\/v2\/comments?post=99"}],"version-history":[{"count":0,"href":"http:\/\/lottzilla.net\/tr\/wp-json\/wp\/v2\/pages\/99\/revisions"}],"wp:attachment":[{"href":"http:\/\/lottzilla.net\/tr\/wp-json\/wp\/v2\/media?parent=99"}],"curies":[{"name":"wp","href":"https:\/\/api.w.org\/{rel}","templated":true}]}}