{"id":98,"date":"2025-10-26T13:22:57","date_gmt":"2025-10-26T13:22:57","guid":{"rendered":"http:\/\/lottzilla.net\/hemsida\/"},"modified":"2025-10-26T13:22:57","modified_gmt":"2025-10-26T13:22:57","slug":"hemsida","status":"publish","type":"page","link":"http:\/\/lottzilla.net\/sv\/","title":{"rendered":"Hemsida"},"content":{"rendered":"<h2 style=\"text-align: center;\">V\u00e4lkommen till v\u00e5r online lotteritj\u00e4nst!<\/h2>\n<p style=\"text-align: center;\">Genom oss kan du k\u00f6pa lotteribiljetter till de st\u00f6rsta jackpottarna p\u00e5 planeten. Oavsett var du bor kan du delta i vilken som helst av de lotterier vi erbjuder denna tj\u00e4nst f\u00f6r. Du m\u00e5ste vara lagligt gammal nog (enligt din jurisdiktion) f\u00f6r att delta i ett lotteri. V\u00e4lj helt enkelt ett lotteri fr\u00e5n menyn ovan eller klicka p\u00e5 bannern nedan f\u00f6r att komma ig\u00e5ng.<\/p>\n<p> &nbsp; <\/p>\n","protected":false},"excerpt":{"rendered":"<p>V\u00e4lkommen till v\u00e5r online lotteritj\u00e4nst! Genom oss kan du k\u00f6pa lotteribiljetter till de st\u00f6rsta jackpottarna p\u00e5 planeten. Oavsett var du bor kan du delta i vilken som helst av de lotterier vi erbjuder denna tj\u00e4nst f\u00f6r. Du m\u00e5ste vara lagligt gammal nog (enligt din jurisdiktion) f\u00f6r att delta i ett lotteri. V\u00e4lj helt enkelt ett &hellip; <\/p>\n<p class=\"link-more\"><a href=\"http:\/\/lottzilla.net\/sv\/\" class=\"more-link\">L\u00e4s mer<span class=\"screen-reader-text\"> \u201dHemsida\u201d<\/span><\/a><\/p>\n","protected":false},"author":1,"featured_media":0,"parent":0,"menu_order":0,"comment_status":"closed","ping_status":"closed","template":"","meta":{"inspiro_hide_title":false,"footnotes":""},"class_list":["post-98","page","type-page","status-publish","hentry"],"yoast_head":"<!-- This site is optimized with the Yoast SEO plugin v27.6 - https:\/\/yoast.com\/product\/yoast-seo-wordpress\/ -->\n<title>Hemsida<\/title>\n<meta name=\"robots\" content=\"index, follow, max-snippet:-1, max-image-preview:large, max-video-preview:-1\" \/>\n<link rel=\"canonical\" href=\"http:\/\/lottzilla.net\/sv\/\" \/>\n<meta property=\"og:locale\" content=\"sv_SE\" \/>\n<meta property=\"og:type\" content=\"article\" \/>\n<meta property=\"og:title\" content=\"Hemsida\" \/>\n<meta property=\"og:description\" content=\"V\u00e4lkommen till v\u00e5r online lotteritj\u00e4nst! Genom oss kan du k\u00f6pa lotteribiljetter till de st\u00f6rsta jackpottarna p\u00e5 planeten. Oavsett var du bor kan du delta i vilken som helst av de lotterier vi erbjuder denna tj\u00e4nst f\u00f6r. Du m\u00e5ste vara lagligt gammal nog (enligt din jurisdiktion) f\u00f6r att delta i ett lotteri. V\u00e4lj helt enkelt ett &hellip; L\u00e4s mer \u201dHemsida\u201d\" \/>\n<meta property=\"og:url\" content=\"http:\/\/lottzilla.net\/sv\/\" \/>\n<meta name=\"twitter:card\" content=\"summary_large_image\" \/>\n<script type=\"application\/ld+json\" class=\"yoast-schema-graph\">{\"@context\":\"https:\\\/\\\/schema.org\",\"@graph\":[{\"@type\":\"WebPage\",\"@id\":\"http:\\\/\\\/lottzilla.net\\\/sv\\\/\",\"url\":\"http:\\\/\\\/lottzilla.net\\\/sv\\\/\",\"name\":\"Hemsida\",\"isPartOf\":{\"@id\":\"https:\\\/\\\/lottzilla.net\\\/ja\\\/#website\"},\"datePublished\":\"2025-10-26T13:22:57+00:00\",\"breadcrumb\":{\"@id\":\"http:\\\/\\\/lottzilla.net\\\/sv\\\/#breadcrumb\"},\"inLanguage\":\"sv-SE\",\"potentialAction\":[{\"@type\":\"ReadAction\",\"target\":[\"http:\\\/\\\/lottzilla.net\\\/sv\\\/\"]}]},{\"@type\":\"BreadcrumbList\",\"@id\":\"http:\\\/\\\/lottzilla.net\\\/sv\\\/#breadcrumb\",\"itemListElement\":[{\"@type\":\"ListItem\",\"position\":1,\"name\":\"Home\",\"item\":\"http:\\\/\\\/lottzilla.net\\\/sv\\\/\"},{\"@type\":\"ListItem\",\"position\":2,\"name\":\"Hemsida\"}]},{\"@type\":\"WebSite\",\"@id\":\"https:\\\/\\\/lottzilla.net\\\/ja\\\/#website\",\"url\":\"https:\\\/\\\/lottzilla.net\\\/ja\\\/\",\"name\":\"\",\"description\":\"\",\"potentialAction\":[{\"@type\":\"SearchAction\",\"target\":{\"@type\":\"EntryPoint\",\"urlTemplate\":\"https:\\\/\\\/lottzilla.net\\\/ja\\\/?s={search_term_string}\"},\"query-input\":{\"@type\":\"PropertyValueSpecification\",\"valueRequired\":true,\"valueName\":\"search_term_string\"}}],\"inLanguage\":\"sv-SE\"}]}<\/script>\n<!-- \/ Yoast SEO plugin. -->","yoast_head_json":{"title":"Hemsida","robots":{"index":"index","follow":"follow","max-snippet":"max-snippet:-1","max-image-preview":"max-image-preview:large","max-video-preview":"max-video-preview:-1"},"canonical":"http:\/\/lottzilla.net\/sv\/","og_locale":"sv_SE","og_type":"article","og_title":"Hemsida","og_description":"V\u00e4lkommen till v\u00e5r online lotteritj\u00e4nst! Genom oss kan du k\u00f6pa lotteribiljetter till de st\u00f6rsta jackpottarna p\u00e5 planeten. Oavsett var du bor kan du delta i vilken som helst av de lotterier vi erbjuder denna tj\u00e4nst f\u00f6r. Du m\u00e5ste vara lagligt gammal nog (enligt din jurisdiktion) f\u00f6r att delta i ett lotteri. V\u00e4lj helt enkelt ett &hellip; L\u00e4s mer \u201dHemsida\u201d","og_url":"http:\/\/lottzilla.net\/sv\/","twitter_card":"summary_large_image","schema":{"@context":"https:\/\/schema.org","@graph":[{"@type":"WebPage","@id":"http:\/\/lottzilla.net\/sv\/","url":"http:\/\/lottzilla.net\/sv\/","name":"Hemsida","isPartOf":{"@id":"https:\/\/lottzilla.net\/ja\/#website"},"datePublished":"2025-10-26T13:22:57+00:00","breadcrumb":{"@id":"http:\/\/lottzilla.net\/sv\/#breadcrumb"},"inLanguage":"sv-SE","potentialAction":[{"@type":"ReadAction","target":["http:\/\/lottzilla.net\/sv\/"]}]},{"@type":"BreadcrumbList","@id":"http:\/\/lottzilla.net\/sv\/#breadcrumb","itemListElement":[{"@type":"ListItem","position":1,"name":"Home","item":"http:\/\/lottzilla.net\/sv\/"},{"@type":"ListItem","position":2,"name":"Hemsida"}]},{"@type":"WebSite","@id":"https:\/\/lottzilla.net\/ja\/#website","url":"https:\/\/lottzilla.net\/ja\/","name":"","description":"","potentialAction":[{"@type":"SearchAction","target":{"@type":"EntryPoint","urlTemplate":"https:\/\/lottzilla.net\/ja\/?s={search_term_string}"},"query-input":{"@type":"PropertyValueSpecification","valueRequired":true,"valueName":"search_term_string"}}],"inLanguage":"sv-SE"}]}},"_links":{"self":[{"href":"http:\/\/lottzilla.net\/sv\/wp-json\/wp\/v2\/pages\/98","targetHints":{"allow":["GET"]}}],"collection":[{"href":"http:\/\/lottzilla.net\/sv\/wp-json\/wp\/v2\/pages"}],"about":[{"href":"http:\/\/lottzilla.net\/sv\/wp-json\/wp\/v2\/types\/page"}],"author":[{"embeddable":true,"href":"http:\/\/lottzilla.net\/sv\/wp-json\/wp\/v2\/users\/1"}],"replies":[{"embeddable":true,"href":"http:\/\/lottzilla.net\/sv\/wp-json\/wp\/v2\/comments?post=98"}],"version-history":[{"count":0,"href":"http:\/\/lottzilla.net\/sv\/wp-json\/wp\/v2\/pages\/98\/revisions"}],"wp:attachment":[{"href":"http:\/\/lottzilla.net\/sv\/wp-json\/wp\/v2\/media?parent=98"}],"curies":[{"name":"wp","href":"https:\/\/api.w.org\/{rel}","templated":true}]}}