{"id":96,"date":"2025-10-26T13:22:57","date_gmt":"2025-10-26T13:22:57","guid":{"rendered":"http:\/\/lottzilla.net\/domov\/"},"modified":"2025-10-26T13:22:57","modified_gmt":"2025-10-26T13:22:57","slug":"domov","status":"publish","type":"page","link":"http:\/\/lottzilla.net\/sl\/","title":{"rendered":"Domov"},"content":{"rendered":"<h2 style=\"text-align: center;\">Dobrodo\u0161li v na\u0161i spletni storitvi za nakup sre\u010dk!<\/h2>\n<p style=\"text-align: center;\">Preko nas lahko kupite sre\u010dke za najve\u010dje jackpote na planetu. Ne glede na to, kje \u017eivite, lahko sodelujete v kateri koli loteriji, za katero nudimo to storitev. Morate biti dovolj stari po zakonih va\u0161e dr\u017eave, da sodelujete v loteriji. Preprosto izberite loterijo iz zgornjega menija ali kliknite na pasico spodaj, da za\u010dnete.<\/p>\n<p> &nbsp; <\/p>\n","protected":false},"excerpt":{"rendered":"<p>Dobrodo\u0161li v na\u0161i spletni storitvi za nakup sre\u010dk! Preko nas lahko kupite sre\u010dke za najve\u010dje jackpote na planetu. Ne glede na to, kje \u017eivite, lahko sodelujete v kateri koli loteriji, za katero nudimo to storitev. Morate biti dovolj stari po zakonih va\u0161e dr\u017eave, da sodelujete v loteriji. Preprosto izberite loterijo iz zgornjega menija ali kliknite &hellip; <\/p>\n<p class=\"link-more\"><a href=\"http:\/\/lottzilla.net\/sl\/\" class=\"more-link\">Read more<span class=\"screen-reader-text\"> &#8220;Domov&#8221;<\/span><\/a><\/p>\n","protected":false},"author":1,"featured_media":0,"parent":0,"menu_order":0,"comment_status":"closed","ping_status":"closed","template":"","meta":{"inspiro_hide_title":false,"footnotes":""},"class_list":["post-96","page","type-page","status-publish","hentry"],"yoast_head":"<!-- This site is optimized with the Yoast SEO plugin v27.6 - https:\/\/yoast.com\/product\/yoast-seo-wordpress\/ -->\n<title>Domov<\/title>\n<meta name=\"robots\" content=\"index, follow, max-snippet:-1, max-image-preview:large, max-video-preview:-1\" \/>\n<link rel=\"canonical\" href=\"http:\/\/lottzilla.net\/sl\/\" \/>\n<meta property=\"og:locale\" content=\"sl_SI\" \/>\n<meta property=\"og:type\" content=\"article\" \/>\n<meta property=\"og:title\" content=\"Domov\" \/>\n<meta property=\"og:description\" content=\"Dobrodo\u0161li v na\u0161i spletni storitvi za nakup sre\u010dk! Preko nas lahko kupite sre\u010dke za najve\u010dje jackpote na planetu. Ne glede na to, kje \u017eivite, lahko sodelujete v kateri koli loteriji, za katero nudimo to storitev. Morate biti dovolj stari po zakonih va\u0161e dr\u017eave, da sodelujete v loteriji. Preprosto izberite loterijo iz zgornjega menija ali kliknite &hellip; Read more &quot;Domov&quot;\" \/>\n<meta property=\"og:url\" content=\"http:\/\/lottzilla.net\/sl\/\" \/>\n<meta name=\"twitter:card\" content=\"summary_large_image\" \/>\n<script type=\"application\/ld+json\" class=\"yoast-schema-graph\">{\"@context\":\"https:\\\/\\\/schema.org\",\"@graph\":[{\"@type\":\"WebPage\",\"@id\":\"http:\\\/\\\/lottzilla.net\\\/sl\\\/\",\"url\":\"http:\\\/\\\/lottzilla.net\\\/sl\\\/\",\"name\":\"Domov\",\"isPartOf\":{\"@id\":\"https:\\\/\\\/lottzilla.net\\\/ja\\\/#website\"},\"datePublished\":\"2025-10-26T13:22:57+00:00\",\"breadcrumb\":{\"@id\":\"http:\\\/\\\/lottzilla.net\\\/sl\\\/#breadcrumb\"},\"inLanguage\":\"sl-SI\",\"potentialAction\":[{\"@type\":\"ReadAction\",\"target\":[\"http:\\\/\\\/lottzilla.net\\\/sl\\\/\"]}]},{\"@type\":\"BreadcrumbList\",\"@id\":\"http:\\\/\\\/lottzilla.net\\\/sl\\\/#breadcrumb\",\"itemListElement\":[{\"@type\":\"ListItem\",\"position\":1,\"name\":\"Home\",\"item\":\"http:\\\/\\\/lottzilla.net\\\/sl\\\/\"},{\"@type\":\"ListItem\",\"position\":2,\"name\":\"Domov\"}]},{\"@type\":\"WebSite\",\"@id\":\"https:\\\/\\\/lottzilla.net\\\/ja\\\/#website\",\"url\":\"https:\\\/\\\/lottzilla.net\\\/ja\\\/\",\"name\":\"\",\"description\":\"\",\"potentialAction\":[{\"@type\":\"SearchAction\",\"target\":{\"@type\":\"EntryPoint\",\"urlTemplate\":\"https:\\\/\\\/lottzilla.net\\\/ja\\\/?s={search_term_string}\"},\"query-input\":{\"@type\":\"PropertyValueSpecification\",\"valueRequired\":true,\"valueName\":\"search_term_string\"}}],\"inLanguage\":\"sl-SI\"}]}<\/script>\n<!-- \/ Yoast SEO plugin. -->","yoast_head_json":{"title":"Domov","robots":{"index":"index","follow":"follow","max-snippet":"max-snippet:-1","max-image-preview":"max-image-preview:large","max-video-preview":"max-video-preview:-1"},"canonical":"http:\/\/lottzilla.net\/sl\/","og_locale":"sl_SI","og_type":"article","og_title":"Domov","og_description":"Dobrodo\u0161li v na\u0161i spletni storitvi za nakup sre\u010dk! Preko nas lahko kupite sre\u010dke za najve\u010dje jackpote na planetu. Ne glede na to, kje \u017eivite, lahko sodelujete v kateri koli loteriji, za katero nudimo to storitev. Morate biti dovolj stari po zakonih va\u0161e dr\u017eave, da sodelujete v loteriji. Preprosto izberite loterijo iz zgornjega menija ali kliknite &hellip; Read more \"Domov\"","og_url":"http:\/\/lottzilla.net\/sl\/","twitter_card":"summary_large_image","schema":{"@context":"https:\/\/schema.org","@graph":[{"@type":"WebPage","@id":"http:\/\/lottzilla.net\/sl\/","url":"http:\/\/lottzilla.net\/sl\/","name":"Domov","isPartOf":{"@id":"https:\/\/lottzilla.net\/ja\/#website"},"datePublished":"2025-10-26T13:22:57+00:00","breadcrumb":{"@id":"http:\/\/lottzilla.net\/sl\/#breadcrumb"},"inLanguage":"sl-SI","potentialAction":[{"@type":"ReadAction","target":["http:\/\/lottzilla.net\/sl\/"]}]},{"@type":"BreadcrumbList","@id":"http:\/\/lottzilla.net\/sl\/#breadcrumb","itemListElement":[{"@type":"ListItem","position":1,"name":"Home","item":"http:\/\/lottzilla.net\/sl\/"},{"@type":"ListItem","position":2,"name":"Domov"}]},{"@type":"WebSite","@id":"https:\/\/lottzilla.net\/ja\/#website","url":"https:\/\/lottzilla.net\/ja\/","name":"","description":"","potentialAction":[{"@type":"SearchAction","target":{"@type":"EntryPoint","urlTemplate":"https:\/\/lottzilla.net\/ja\/?s={search_term_string}"},"query-input":{"@type":"PropertyValueSpecification","valueRequired":true,"valueName":"search_term_string"}}],"inLanguage":"sl-SI"}]}},"_links":{"self":[{"href":"http:\/\/lottzilla.net\/sl\/wp-json\/wp\/v2\/pages\/96","targetHints":{"allow":["GET"]}}],"collection":[{"href":"http:\/\/lottzilla.net\/sl\/wp-json\/wp\/v2\/pages"}],"about":[{"href":"http:\/\/lottzilla.net\/sl\/wp-json\/wp\/v2\/types\/page"}],"author":[{"embeddable":true,"href":"http:\/\/lottzilla.net\/sl\/wp-json\/wp\/v2\/users\/1"}],"replies":[{"embeddable":true,"href":"http:\/\/lottzilla.net\/sl\/wp-json\/wp\/v2\/comments?post=96"}],"version-history":[{"count":0,"href":"http:\/\/lottzilla.net\/sl\/wp-json\/wp\/v2\/pages\/96\/revisions"}],"wp:attachment":[{"href":"http:\/\/lottzilla.net\/sl\/wp-json\/wp\/v2\/media?parent=96"}],"curies":[{"name":"wp","href":"https:\/\/api.w.org\/{rel}","templated":true}]}}