{"id":95,"date":"2025-10-26T13:22:57","date_gmt":"2025-10-26T13:22:57","guid":{"rendered":"http:\/\/lottzilla.net\/domov\/"},"modified":"2025-10-26T13:22:57","modified_gmt":"2025-10-26T13:22:57","slug":"domov","status":"publish","type":"page","link":"http:\/\/lottzilla.net\/sk\/","title":{"rendered":"Domov"},"content":{"rendered":"<h2 style=\"text-align: center;\">Vitajte v na\u0161ej online slu\u017ebe na n\u00e1kup lot\u00e9riov\u00fdch l\u00edstkov!<\/h2>\n<p style=\"text-align: center;\">Cez n\u00e1s si m\u00f4\u017eete zak\u00fapi\u0165 lot\u00e9riov\u00e9 l\u00edstky na najv\u00e4\u010d\u0161ie jackpoty na plan\u00e9te. Nez\u00e1le\u017e\u00ed na tom, kde \u017eijete, m\u00f4\u017eete sa z\u00fa\u010dastni\u0165 akejko\u013evek lot\u00e9rie, pre ktor\u00fa pon\u00fakame t\u00fato slu\u017ebu. Mus\u00edte by\u0165 z\u00e1konne dostato\u010dne star\u00ed (pod\u013ea pr\u00e1vnych predpisov va\u0161ej jurisdikcie), aby ste sa z\u00fa\u010dastnili. Sta\u010d\u00ed si vybra\u0165 lot\u00e9riu z hornej ponuky alebo klikn\u00fa\u0165 na banner ni\u017e\u0161ie a za\u010da\u0165.<\/p>\n<p> &nbsp; <\/p>\n","protected":false},"excerpt":{"rendered":"<p>Vitajte v na\u0161ej online slu\u017ebe na n\u00e1kup lot\u00e9riov\u00fdch l\u00edstkov! Cez n\u00e1s si m\u00f4\u017eete zak\u00fapi\u0165 lot\u00e9riov\u00e9 l\u00edstky na najv\u00e4\u010d\u0161ie jackpoty na plan\u00e9te. Nez\u00e1le\u017e\u00ed na tom, kde \u017eijete, m\u00f4\u017eete sa z\u00fa\u010dastni\u0165 akejko\u013evek lot\u00e9rie, pre ktor\u00fa pon\u00fakame t\u00fato slu\u017ebu. Mus\u00edte by\u0165 z\u00e1konne dostato\u010dne star\u00ed (pod\u013ea pr\u00e1vnych predpisov va\u0161ej jurisdikcie), aby ste sa z\u00fa\u010dastnili. Sta\u010d\u00ed si vybra\u0165 lot\u00e9riu z &hellip; <\/p>\n<p class=\"link-more\"><a href=\"http:\/\/lottzilla.net\/sk\/\" class=\"more-link\">Read more<span class=\"screen-reader-text\"> &#8222;Domov&#8220;<\/span><\/a><\/p>\n","protected":false},"author":1,"featured_media":0,"parent":0,"menu_order":0,"comment_status":"closed","ping_status":"closed","template":"","meta":{"inspiro_hide_title":false,"footnotes":""},"class_list":["post-95","page","type-page","status-publish","hentry"],"yoast_head":"<!-- This site is optimized with the Yoast SEO plugin v27.6 - https:\/\/yoast.com\/product\/yoast-seo-wordpress\/ -->\n<title>Domov<\/title>\n<meta name=\"robots\" content=\"index, follow, max-snippet:-1, max-image-preview:large, max-video-preview:-1\" \/>\n<link rel=\"canonical\" href=\"http:\/\/lottzilla.net\/sk\/\" \/>\n<meta property=\"og:locale\" content=\"sk_SK\" \/>\n<meta property=\"og:type\" content=\"article\" \/>\n<meta property=\"og:title\" content=\"Domov\" \/>\n<meta property=\"og:description\" content=\"Vitajte v na\u0161ej online slu\u017ebe na n\u00e1kup lot\u00e9riov\u00fdch l\u00edstkov! Cez n\u00e1s si m\u00f4\u017eete zak\u00fapi\u0165 lot\u00e9riov\u00e9 l\u00edstky na najv\u00e4\u010d\u0161ie jackpoty na plan\u00e9te. Nez\u00e1le\u017e\u00ed na tom, kde \u017eijete, m\u00f4\u017eete sa z\u00fa\u010dastni\u0165 akejko\u013evek lot\u00e9rie, pre ktor\u00fa pon\u00fakame t\u00fato slu\u017ebu. Mus\u00edte by\u0165 z\u00e1konne dostato\u010dne star\u00ed (pod\u013ea pr\u00e1vnych predpisov va\u0161ej jurisdikcie), aby ste sa z\u00fa\u010dastnili. Sta\u010d\u00ed si vybra\u0165 lot\u00e9riu z &hellip; Read more &quot;Domov&quot;\" \/>\n<meta property=\"og:url\" content=\"http:\/\/lottzilla.net\/sk\/\" \/>\n<meta name=\"twitter:card\" content=\"summary_large_image\" \/>\n<script type=\"application\/ld+json\" class=\"yoast-schema-graph\">{\"@context\":\"https:\\\/\\\/schema.org\",\"@graph\":[{\"@type\":\"WebPage\",\"@id\":\"http:\\\/\\\/lottzilla.net\\\/sk\\\/\",\"url\":\"http:\\\/\\\/lottzilla.net\\\/sk\\\/\",\"name\":\"Domov\",\"isPartOf\":{\"@id\":\"https:\\\/\\\/lottzilla.net\\\/ja\\\/#website\"},\"datePublished\":\"2025-10-26T13:22:57+00:00\",\"breadcrumb\":{\"@id\":\"http:\\\/\\\/lottzilla.net\\\/sk\\\/#breadcrumb\"},\"inLanguage\":\"sk-SK\",\"potentialAction\":[{\"@type\":\"ReadAction\",\"target\":[\"http:\\\/\\\/lottzilla.net\\\/sk\\\/\"]}]},{\"@type\":\"BreadcrumbList\",\"@id\":\"http:\\\/\\\/lottzilla.net\\\/sk\\\/#breadcrumb\",\"itemListElement\":[{\"@type\":\"ListItem\",\"position\":1,\"name\":\"Home\",\"item\":\"http:\\\/\\\/lottzilla.net\\\/sk\\\/\"},{\"@type\":\"ListItem\",\"position\":2,\"name\":\"Domov\"}]},{\"@type\":\"WebSite\",\"@id\":\"https:\\\/\\\/lottzilla.net\\\/ja\\\/#website\",\"url\":\"https:\\\/\\\/lottzilla.net\\\/ja\\\/\",\"name\":\"\",\"description\":\"\",\"potentialAction\":[{\"@type\":\"SearchAction\",\"target\":{\"@type\":\"EntryPoint\",\"urlTemplate\":\"https:\\\/\\\/lottzilla.net\\\/ja\\\/?s={search_term_string}\"},\"query-input\":{\"@type\":\"PropertyValueSpecification\",\"valueRequired\":true,\"valueName\":\"search_term_string\"}}],\"inLanguage\":\"sk-SK\"}]}<\/script>\n<!-- \/ Yoast SEO plugin. -->","yoast_head_json":{"title":"Domov","robots":{"index":"index","follow":"follow","max-snippet":"max-snippet:-1","max-image-preview":"max-image-preview:large","max-video-preview":"max-video-preview:-1"},"canonical":"http:\/\/lottzilla.net\/sk\/","og_locale":"sk_SK","og_type":"article","og_title":"Domov","og_description":"Vitajte v na\u0161ej online slu\u017ebe na n\u00e1kup lot\u00e9riov\u00fdch l\u00edstkov! Cez n\u00e1s si m\u00f4\u017eete zak\u00fapi\u0165 lot\u00e9riov\u00e9 l\u00edstky na najv\u00e4\u010d\u0161ie jackpoty na plan\u00e9te. Nez\u00e1le\u017e\u00ed na tom, kde \u017eijete, m\u00f4\u017eete sa z\u00fa\u010dastni\u0165 akejko\u013evek lot\u00e9rie, pre ktor\u00fa pon\u00fakame t\u00fato slu\u017ebu. Mus\u00edte by\u0165 z\u00e1konne dostato\u010dne star\u00ed (pod\u013ea pr\u00e1vnych predpisov va\u0161ej jurisdikcie), aby ste sa z\u00fa\u010dastnili. Sta\u010d\u00ed si vybra\u0165 lot\u00e9riu z &hellip; Read more \"Domov\"","og_url":"http:\/\/lottzilla.net\/sk\/","twitter_card":"summary_large_image","schema":{"@context":"https:\/\/schema.org","@graph":[{"@type":"WebPage","@id":"http:\/\/lottzilla.net\/sk\/","url":"http:\/\/lottzilla.net\/sk\/","name":"Domov","isPartOf":{"@id":"https:\/\/lottzilla.net\/ja\/#website"},"datePublished":"2025-10-26T13:22:57+00:00","breadcrumb":{"@id":"http:\/\/lottzilla.net\/sk\/#breadcrumb"},"inLanguage":"sk-SK","potentialAction":[{"@type":"ReadAction","target":["http:\/\/lottzilla.net\/sk\/"]}]},{"@type":"BreadcrumbList","@id":"http:\/\/lottzilla.net\/sk\/#breadcrumb","itemListElement":[{"@type":"ListItem","position":1,"name":"Home","item":"http:\/\/lottzilla.net\/sk\/"},{"@type":"ListItem","position":2,"name":"Domov"}]},{"@type":"WebSite","@id":"https:\/\/lottzilla.net\/ja\/#website","url":"https:\/\/lottzilla.net\/ja\/","name":"","description":"","potentialAction":[{"@type":"SearchAction","target":{"@type":"EntryPoint","urlTemplate":"https:\/\/lottzilla.net\/ja\/?s={search_term_string}"},"query-input":{"@type":"PropertyValueSpecification","valueRequired":true,"valueName":"search_term_string"}}],"inLanguage":"sk-SK"}]}},"_links":{"self":[{"href":"http:\/\/lottzilla.net\/sk\/wp-json\/wp\/v2\/pages\/95","targetHints":{"allow":["GET"]}}],"collection":[{"href":"http:\/\/lottzilla.net\/sk\/wp-json\/wp\/v2\/pages"}],"about":[{"href":"http:\/\/lottzilla.net\/sk\/wp-json\/wp\/v2\/types\/page"}],"author":[{"embeddable":true,"href":"http:\/\/lottzilla.net\/sk\/wp-json\/wp\/v2\/users\/1"}],"replies":[{"embeddable":true,"href":"http:\/\/lottzilla.net\/sk\/wp-json\/wp\/v2\/comments?post=95"}],"version-history":[{"count":0,"href":"http:\/\/lottzilla.net\/sk\/wp-json\/wp\/v2\/pages\/95\/revisions"}],"wp:attachment":[{"href":"http:\/\/lottzilla.net\/sk\/wp-json\/wp\/v2\/media?parent=95"}],"curies":[{"name":"wp","href":"https:\/\/api.w.org\/{rel}","templated":true}]}}