{"id":92,"date":"2025-10-26T13:22:57","date_gmt":"2025-10-26T13:22:57","guid":{"rendered":"http:\/\/lottzilla.net\/acasa\/"},"modified":"2025-10-26T13:22:57","modified_gmt":"2025-10-26T13:22:57","slug":"acasa","status":"publish","type":"page","link":"http:\/\/lottzilla.net\/ro\/","title":{"rendered":"Acas\u0103"},"content":{"rendered":"<h2 style=\"text-align: center;\">Bun venit la serviciul nostru de bilete de loterie online!<\/h2>\n<p style=\"text-align: center;\">Prin intermediul nostru, pute\u021bi ob\u021bine bilete de loterie pentru cele mai mari jackpoturi de pe planet\u0103. Indiferent de locul \u00een care locui\u021bi, pute\u021bi participa la orice loterie pentru care oferim acest serviciu. Trebuie s\u0103 ave\u021bi v\u00e2rsta legal\u0103 suficient\u0103 (conform jurisdic\u021biei dvs.) pentru a participa la o loterie. Selecta\u021bi pur \u0219i simplu o loterie din meniul de mai sus sau face\u021bi clic pe bannerul de mai jos pentru a \u00eencepe.<\/p>\n<p> &nbsp; <\/p>\n","protected":false},"excerpt":{"rendered":"<p>Bun venit la serviciul nostru de bilete de loterie online! Prin intermediul nostru, pute\u021bi ob\u021bine bilete de loterie pentru cele mai mari jackpoturi de pe planet\u0103. Indiferent de locul \u00een care locui\u021bi, pute\u021bi participa la orice loterie pentru care oferim acest serviciu. Trebuie s\u0103 ave\u021bi v\u00e2rsta legal\u0103 suficient\u0103 (conform jurisdic\u021biei dvs.) pentru a participa la &hellip; <\/p>\n<p class=\"link-more\"><a href=\"http:\/\/lottzilla.net\/ro\/\" class=\"more-link\">Cite\u0219te mai multe<span class=\"screen-reader-text\">\u201eAcas\u0103\u201d<\/span><\/a><\/p>\n","protected":false},"author":1,"featured_media":0,"parent":0,"menu_order":0,"comment_status":"closed","ping_status":"closed","template":"","meta":{"inspiro_hide_title":false,"footnotes":""},"class_list":["post-92","page","type-page","status-publish","hentry"],"yoast_head":"<!-- This site is optimized with the Yoast SEO plugin v27.6 - https:\/\/yoast.com\/product\/yoast-seo-wordpress\/ -->\n<title>Acas\u0103<\/title>\n<meta name=\"robots\" content=\"index, follow, max-snippet:-1, max-image-preview:large, max-video-preview:-1\" \/>\n<link rel=\"canonical\" href=\"http:\/\/lottzilla.net\/ro\/\" \/>\n<meta property=\"og:locale\" content=\"ro_RO\" \/>\n<meta property=\"og:type\" content=\"article\" \/>\n<meta property=\"og:title\" content=\"Acas\u0103\" \/>\n<meta property=\"og:description\" content=\"Bun venit la serviciul nostru de bilete de loterie online! Prin intermediul nostru, pute\u021bi ob\u021bine bilete de loterie pentru cele mai mari jackpoturi de pe planet\u0103. Indiferent de locul \u00een care locui\u021bi, pute\u021bi participa la orice loterie pentru care oferim acest serviciu. Trebuie s\u0103 ave\u021bi v\u00e2rsta legal\u0103 suficient\u0103 (conform jurisdic\u021biei dvs.) pentru a participa la &hellip; Cite\u0219te mai multe\u201eAcas\u0103\u201d\" \/>\n<meta property=\"og:url\" content=\"http:\/\/lottzilla.net\/ro\/\" \/>\n<meta name=\"twitter:card\" content=\"summary_large_image\" \/>\n<script type=\"application\/ld+json\" class=\"yoast-schema-graph\">{\"@context\":\"https:\\\/\\\/schema.org\",\"@graph\":[{\"@type\":\"WebPage\",\"@id\":\"http:\\\/\\\/lottzilla.net\\\/ro\\\/\",\"url\":\"http:\\\/\\\/lottzilla.net\\\/ro\\\/\",\"name\":\"Acas\u0103\",\"isPartOf\":{\"@id\":\"https:\\\/\\\/lottzilla.net\\\/ja\\\/#website\"},\"datePublished\":\"2025-10-26T13:22:57+00:00\",\"breadcrumb\":{\"@id\":\"http:\\\/\\\/lottzilla.net\\\/ro\\\/#breadcrumb\"},\"inLanguage\":\"ro-RO\",\"potentialAction\":[{\"@type\":\"ReadAction\",\"target\":[\"http:\\\/\\\/lottzilla.net\\\/ro\\\/\"]}]},{\"@type\":\"BreadcrumbList\",\"@id\":\"http:\\\/\\\/lottzilla.net\\\/ro\\\/#breadcrumb\",\"itemListElement\":[{\"@type\":\"ListItem\",\"position\":1,\"name\":\"Home\",\"item\":\"http:\\\/\\\/lottzilla.net\\\/ro\\\/\"},{\"@type\":\"ListItem\",\"position\":2,\"name\":\"Acas\u0103\"}]},{\"@type\":\"WebSite\",\"@id\":\"https:\\\/\\\/lottzilla.net\\\/ja\\\/#website\",\"url\":\"https:\\\/\\\/lottzilla.net\\\/ja\\\/\",\"name\":\"\",\"description\":\"\",\"potentialAction\":[{\"@type\":\"SearchAction\",\"target\":{\"@type\":\"EntryPoint\",\"urlTemplate\":\"https:\\\/\\\/lottzilla.net\\\/ja\\\/?s={search_term_string}\"},\"query-input\":{\"@type\":\"PropertyValueSpecification\",\"valueRequired\":true,\"valueName\":\"search_term_string\"}}],\"inLanguage\":\"ro-RO\"}]}<\/script>\n<!-- \/ Yoast SEO plugin. -->","yoast_head_json":{"title":"Acas\u0103","robots":{"index":"index","follow":"follow","max-snippet":"max-snippet:-1","max-image-preview":"max-image-preview:large","max-video-preview":"max-video-preview:-1"},"canonical":"http:\/\/lottzilla.net\/ro\/","og_locale":"ro_RO","og_type":"article","og_title":"Acas\u0103","og_description":"Bun venit la serviciul nostru de bilete de loterie online! Prin intermediul nostru, pute\u021bi ob\u021bine bilete de loterie pentru cele mai mari jackpoturi de pe planet\u0103. Indiferent de locul \u00een care locui\u021bi, pute\u021bi participa la orice loterie pentru care oferim acest serviciu. Trebuie s\u0103 ave\u021bi v\u00e2rsta legal\u0103 suficient\u0103 (conform jurisdic\u021biei dvs.) pentru a participa la &hellip; Cite\u0219te mai multe\u201eAcas\u0103\u201d","og_url":"http:\/\/lottzilla.net\/ro\/","twitter_card":"summary_large_image","schema":{"@context":"https:\/\/schema.org","@graph":[{"@type":"WebPage","@id":"http:\/\/lottzilla.net\/ro\/","url":"http:\/\/lottzilla.net\/ro\/","name":"Acas\u0103","isPartOf":{"@id":"https:\/\/lottzilla.net\/ja\/#website"},"datePublished":"2025-10-26T13:22:57+00:00","breadcrumb":{"@id":"http:\/\/lottzilla.net\/ro\/#breadcrumb"},"inLanguage":"ro-RO","potentialAction":[{"@type":"ReadAction","target":["http:\/\/lottzilla.net\/ro\/"]}]},{"@type":"BreadcrumbList","@id":"http:\/\/lottzilla.net\/ro\/#breadcrumb","itemListElement":[{"@type":"ListItem","position":1,"name":"Home","item":"http:\/\/lottzilla.net\/ro\/"},{"@type":"ListItem","position":2,"name":"Acas\u0103"}]},{"@type":"WebSite","@id":"https:\/\/lottzilla.net\/ja\/#website","url":"https:\/\/lottzilla.net\/ja\/","name":"","description":"","potentialAction":[{"@type":"SearchAction","target":{"@type":"EntryPoint","urlTemplate":"https:\/\/lottzilla.net\/ja\/?s={search_term_string}"},"query-input":{"@type":"PropertyValueSpecification","valueRequired":true,"valueName":"search_term_string"}}],"inLanguage":"ro-RO"}]}},"_links":{"self":[{"href":"http:\/\/lottzilla.net\/ro\/wp-json\/wp\/v2\/pages\/92","targetHints":{"allow":["GET"]}}],"collection":[{"href":"http:\/\/lottzilla.net\/ro\/wp-json\/wp\/v2\/pages"}],"about":[{"href":"http:\/\/lottzilla.net\/ro\/wp-json\/wp\/v2\/types\/page"}],"author":[{"embeddable":true,"href":"http:\/\/lottzilla.net\/ro\/wp-json\/wp\/v2\/users\/1"}],"replies":[{"embeddable":true,"href":"http:\/\/lottzilla.net\/ro\/wp-json\/wp\/v2\/comments?post=92"}],"version-history":[{"count":0,"href":"http:\/\/lottzilla.net\/ro\/wp-json\/wp\/v2\/pages\/92\/revisions"}],"wp:attachment":[{"href":"http:\/\/lottzilla.net\/ro\/wp-json\/wp\/v2\/media?parent=92"}],"curies":[{"name":"wp","href":"https:\/\/api.w.org\/{rel}","templated":true}]}}