{"id":91,"date":"2025-10-26T13:22:57","date_gmt":"2025-10-26T13:22:57","guid":{"rendered":"http:\/\/lottzilla.net\/pagina-inicial\/"},"modified":"2025-10-26T13:22:57","modified_gmt":"2025-10-26T13:22:57","slug":"pagina-inicial","status":"publish","type":"page","link":"http:\/\/lottzilla.net\/pt-pt\/","title":{"rendered":"P\u00e1gina Inicial"},"content":{"rendered":"<h2 style=\"text-align: center;\">Bem-vindo ao nosso servi\u00e7o de bilhetes de lotaria online!<\/h2>\n<p style=\"text-align: center;\">Atrav\u00e9s de n\u00f3s, pode obter bilhetes para as maiores lotarias do planeta. N\u00e3o importa onde vive, pode participar em qualquer uma das lotarias para as quais oferecemos este servi\u00e7o. Deve ter a idade legal m\u00ednima (na sua jurisdi\u00e7\u00e3o) para participar numa lotaria. Basta escolher uma lotaria no menu acima ou clicar no banner abaixo para come\u00e7ar.<\/p>\n<p> &nbsp; <\/p>\n","protected":false},"excerpt":{"rendered":"<p>Bem-vindo ao nosso servi\u00e7o de bilhetes de lotaria online! Atrav\u00e9s de n\u00f3s, pode obter bilhetes para as maiores lotarias do planeta. N\u00e3o importa onde vive, pode participar em qualquer uma das lotarias para as quais oferecemos este servi\u00e7o. Deve ter a idade legal m\u00ednima (na sua jurisdi\u00e7\u00e3o) para participar numa lotaria. Basta escolher uma lotaria &hellip; <\/p>\n<p class=\"link-more\"><a href=\"http:\/\/lottzilla.net\/pt-pt\/\" class=\"more-link\">Read more<span class=\"screen-reader-text\"> &#8220;P\u00e1gina Inicial&#8221;<\/span><\/a><\/p>\n","protected":false},"author":1,"featured_media":0,"parent":0,"menu_order":0,"comment_status":"closed","ping_status":"closed","template":"","meta":{"inspiro_hide_title":false,"footnotes":""},"class_list":["post-91","page","type-page","status-publish","hentry"],"yoast_head":"<!-- This site is optimized with the Yoast SEO plugin v27.6 - https:\/\/yoast.com\/product\/yoast-seo-wordpress\/ -->\n<title>P\u00e1gina Inicial<\/title>\n<meta name=\"robots\" content=\"index, follow, max-snippet:-1, max-image-preview:large, max-video-preview:-1\" \/>\n<link rel=\"canonical\" href=\"http:\/\/lottzilla.net\/pt-pt\/\" \/>\n<meta property=\"og:locale\" content=\"pt_PT\" \/>\n<meta property=\"og:type\" content=\"article\" \/>\n<meta property=\"og:title\" content=\"P\u00e1gina Inicial\" \/>\n<meta property=\"og:description\" content=\"Bem-vindo ao nosso servi\u00e7o de bilhetes de lotaria online! Atrav\u00e9s de n\u00f3s, pode obter bilhetes para as maiores lotarias do planeta. N\u00e3o importa onde vive, pode participar em qualquer uma das lotarias para as quais oferecemos este servi\u00e7o. Deve ter a idade legal m\u00ednima (na sua jurisdi\u00e7\u00e3o) para participar numa lotaria. Basta escolher uma lotaria &hellip; Read more &quot;P\u00e1gina Inicial&quot;\" \/>\n<meta property=\"og:url\" content=\"http:\/\/lottzilla.net\/pt-pt\/\" \/>\n<meta name=\"twitter:card\" content=\"summary_large_image\" \/>\n<script type=\"application\/ld+json\" class=\"yoast-schema-graph\">{\"@context\":\"https:\\\/\\\/schema.org\",\"@graph\":[{\"@type\":\"WebPage\",\"@id\":\"http:\\\/\\\/lottzilla.net\\\/pt-pt\\\/\",\"url\":\"http:\\\/\\\/lottzilla.net\\\/pt-pt\\\/\",\"name\":\"P\u00e1gina Inicial\",\"isPartOf\":{\"@id\":\"https:\\\/\\\/lottzilla.net\\\/ja\\\/#website\"},\"datePublished\":\"2025-10-26T13:22:57+00:00\",\"breadcrumb\":{\"@id\":\"http:\\\/\\\/lottzilla.net\\\/pt-pt\\\/#breadcrumb\"},\"inLanguage\":\"pt-PT\",\"potentialAction\":[{\"@type\":\"ReadAction\",\"target\":[\"http:\\\/\\\/lottzilla.net\\\/pt-pt\\\/\"]}]},{\"@type\":\"BreadcrumbList\",\"@id\":\"http:\\\/\\\/lottzilla.net\\\/pt-pt\\\/#breadcrumb\",\"itemListElement\":[{\"@type\":\"ListItem\",\"position\":1,\"name\":\"Home\",\"item\":\"http:\\\/\\\/lottzilla.net\\\/pt-pt\\\/\"},{\"@type\":\"ListItem\",\"position\":2,\"name\":\"P\u00e1gina Inicial\"}]},{\"@type\":\"WebSite\",\"@id\":\"https:\\\/\\\/lottzilla.net\\\/ja\\\/#website\",\"url\":\"https:\\\/\\\/lottzilla.net\\\/ja\\\/\",\"name\":\"\",\"description\":\"\",\"potentialAction\":[{\"@type\":\"SearchAction\",\"target\":{\"@type\":\"EntryPoint\",\"urlTemplate\":\"https:\\\/\\\/lottzilla.net\\\/ja\\\/?s={search_term_string}\"},\"query-input\":{\"@type\":\"PropertyValueSpecification\",\"valueRequired\":true,\"valueName\":\"search_term_string\"}}],\"inLanguage\":\"pt-PT\"}]}<\/script>\n<!-- \/ Yoast SEO plugin. -->","yoast_head_json":{"title":"P\u00e1gina Inicial","robots":{"index":"index","follow":"follow","max-snippet":"max-snippet:-1","max-image-preview":"max-image-preview:large","max-video-preview":"max-video-preview:-1"},"canonical":"http:\/\/lottzilla.net\/pt-pt\/","og_locale":"pt_PT","og_type":"article","og_title":"P\u00e1gina Inicial","og_description":"Bem-vindo ao nosso servi\u00e7o de bilhetes de lotaria online! Atrav\u00e9s de n\u00f3s, pode obter bilhetes para as maiores lotarias do planeta. N\u00e3o importa onde vive, pode participar em qualquer uma das lotarias para as quais oferecemos este servi\u00e7o. Deve ter a idade legal m\u00ednima (na sua jurisdi\u00e7\u00e3o) para participar numa lotaria. Basta escolher uma lotaria &hellip; Read more \"P\u00e1gina Inicial\"","og_url":"http:\/\/lottzilla.net\/pt-pt\/","twitter_card":"summary_large_image","schema":{"@context":"https:\/\/schema.org","@graph":[{"@type":"WebPage","@id":"http:\/\/lottzilla.net\/pt-pt\/","url":"http:\/\/lottzilla.net\/pt-pt\/","name":"P\u00e1gina Inicial","isPartOf":{"@id":"https:\/\/lottzilla.net\/ja\/#website"},"datePublished":"2025-10-26T13:22:57+00:00","breadcrumb":{"@id":"http:\/\/lottzilla.net\/pt-pt\/#breadcrumb"},"inLanguage":"pt-PT","potentialAction":[{"@type":"ReadAction","target":["http:\/\/lottzilla.net\/pt-pt\/"]}]},{"@type":"BreadcrumbList","@id":"http:\/\/lottzilla.net\/pt-pt\/#breadcrumb","itemListElement":[{"@type":"ListItem","position":1,"name":"Home","item":"http:\/\/lottzilla.net\/pt-pt\/"},{"@type":"ListItem","position":2,"name":"P\u00e1gina Inicial"}]},{"@type":"WebSite","@id":"https:\/\/lottzilla.net\/ja\/#website","url":"https:\/\/lottzilla.net\/ja\/","name":"","description":"","potentialAction":[{"@type":"SearchAction","target":{"@type":"EntryPoint","urlTemplate":"https:\/\/lottzilla.net\/ja\/?s={search_term_string}"},"query-input":{"@type":"PropertyValueSpecification","valueRequired":true,"valueName":"search_term_string"}}],"inLanguage":"pt-PT"}]}},"_links":{"self":[{"href":"http:\/\/lottzilla.net\/pt-pt\/wp-json\/wp\/v2\/pages\/91","targetHints":{"allow":["GET"]}}],"collection":[{"href":"http:\/\/lottzilla.net\/pt-pt\/wp-json\/wp\/v2\/pages"}],"about":[{"href":"http:\/\/lottzilla.net\/pt-pt\/wp-json\/wp\/v2\/types\/page"}],"author":[{"embeddable":true,"href":"http:\/\/lottzilla.net\/pt-pt\/wp-json\/wp\/v2\/users\/1"}],"replies":[{"embeddable":true,"href":"http:\/\/lottzilla.net\/pt-pt\/wp-json\/wp\/v2\/comments?post=91"}],"version-history":[{"count":0,"href":"http:\/\/lottzilla.net\/pt-pt\/wp-json\/wp\/v2\/pages\/91\/revisions"}],"wp:attachment":[{"href":"http:\/\/lottzilla.net\/pt-pt\/wp-json\/wp\/v2\/media?parent=91"}],"curies":[{"name":"wp","href":"https:\/\/api.w.org\/{rel}","templated":true}]}}