{"id":90,"date":"2025-10-26T13:22:57","date_gmt":"2025-10-26T13:22:57","guid":{"rendered":"http:\/\/lottzilla.net\/strona-glowna\/"},"modified":"2025-10-26T13:22:57","modified_gmt":"2025-10-26T13:22:57","slug":"strona-glowna","status":"publish","type":"page","link":"http:\/\/lottzilla.net\/pl\/","title":{"rendered":"Strona g\u0142\u00f3wna"},"content":{"rendered":"<h2 style=\"text-align: center;\">Witamy w naszej internetowej us\u0142udze zakupu bilet\u00f3w na loteri\u0119!<\/h2>\n<p style=\"text-align: center;\">Dzi\u0119ki nam mo\u017cesz kupi\u0107 bilety na loteri\u0119 do najwi\u0119kszych jackpot\u00f3w na \u015bwiecie. Niezale\u017cnie od tego, gdzie mieszkasz, mo\u017cesz wzi\u0105\u0107 udzia\u0142 w dowolnej loterii, dla kt\u00f3rej oferujemy t\u0119 us\u0142ug\u0119. Musisz by\u0107 prawnie wystarczaj\u0105co doros\u0142y (zgodnie z prawem w Twojej jurysdykcji), aby wzi\u0105\u0107 udzia\u0142 w loterii. Wybierz po prostu loteri\u0119 z menu powy\u017cej lub kliknij baner poni\u017cej, aby rozpocz\u0105\u0107.<\/p>\n<p> &nbsp; <\/p>\n","protected":false},"excerpt":{"rendered":"<p>Witamy w naszej internetowej us\u0142udze zakupu bilet\u00f3w na loteri\u0119! Dzi\u0119ki nam mo\u017cesz kupi\u0107 bilety na loteri\u0119 do najwi\u0119kszych jackpot\u00f3w na \u015bwiecie. Niezale\u017cnie od tego, gdzie mieszkasz, mo\u017cesz wzi\u0105\u0107 udzia\u0142 w dowolnej loterii, dla kt\u00f3rej oferujemy t\u0119 us\u0142ug\u0119. Musisz by\u0107 prawnie wystarczaj\u0105co doros\u0142y (zgodnie z prawem w Twojej jurysdykcji), aby wzi\u0105\u0107 udzia\u0142 w loterii. Wybierz po &hellip; <\/p>\n<p class=\"link-more\"><a href=\"http:\/\/lottzilla.net\/pl\/\" class=\"more-link\">Read more<span class=\"screen-reader-text\"> &#8222;Strona g\u0142\u00f3wna&#8221;<\/span><\/a><\/p>\n","protected":false},"author":1,"featured_media":0,"parent":0,"menu_order":0,"comment_status":"closed","ping_status":"closed","template":"","meta":{"inspiro_hide_title":false,"footnotes":""},"class_list":["post-90","page","type-page","status-publish","hentry"],"yoast_head":"<!-- This site is optimized with the Yoast SEO plugin v27.6 - https:\/\/yoast.com\/product\/yoast-seo-wordpress\/ -->\n<title>Strona g\u0142\u00f3wna<\/title>\n<meta name=\"robots\" content=\"index, follow, max-snippet:-1, max-image-preview:large, max-video-preview:-1\" \/>\n<link rel=\"canonical\" href=\"http:\/\/lottzilla.net\/pl\/\" \/>\n<meta property=\"og:locale\" content=\"pl_PL\" \/>\n<meta property=\"og:type\" content=\"article\" \/>\n<meta property=\"og:title\" content=\"Strona g\u0142\u00f3wna\" \/>\n<meta property=\"og:description\" content=\"Witamy w naszej internetowej us\u0142udze zakupu bilet\u00f3w na loteri\u0119! Dzi\u0119ki nam mo\u017cesz kupi\u0107 bilety na loteri\u0119 do najwi\u0119kszych jackpot\u00f3w na \u015bwiecie. Niezale\u017cnie od tego, gdzie mieszkasz, mo\u017cesz wzi\u0105\u0107 udzia\u0142 w dowolnej loterii, dla kt\u00f3rej oferujemy t\u0119 us\u0142ug\u0119. Musisz by\u0107 prawnie wystarczaj\u0105co doros\u0142y (zgodnie z prawem w Twojej jurysdykcji), aby wzi\u0105\u0107 udzia\u0142 w loterii. Wybierz po &hellip; Read more &quot;Strona g\u0142\u00f3wna&quot;\" \/>\n<meta property=\"og:url\" content=\"http:\/\/lottzilla.net\/pl\/\" \/>\n<meta name=\"twitter:card\" content=\"summary_large_image\" \/>\n<script type=\"application\/ld+json\" class=\"yoast-schema-graph\">{\"@context\":\"https:\\\/\\\/schema.org\",\"@graph\":[{\"@type\":\"WebPage\",\"@id\":\"http:\\\/\\\/lottzilla.net\\\/pl\\\/\",\"url\":\"http:\\\/\\\/lottzilla.net\\\/pl\\\/\",\"name\":\"Strona g\u0142\u00f3wna\",\"isPartOf\":{\"@id\":\"https:\\\/\\\/lottzilla.net\\\/ja\\\/#website\"},\"datePublished\":\"2025-10-26T13:22:57+00:00\",\"breadcrumb\":{\"@id\":\"http:\\\/\\\/lottzilla.net\\\/pl\\\/#breadcrumb\"},\"inLanguage\":\"pl-PL\",\"potentialAction\":[{\"@type\":\"ReadAction\",\"target\":[\"http:\\\/\\\/lottzilla.net\\\/pl\\\/\"]}]},{\"@type\":\"BreadcrumbList\",\"@id\":\"http:\\\/\\\/lottzilla.net\\\/pl\\\/#breadcrumb\",\"itemListElement\":[{\"@type\":\"ListItem\",\"position\":1,\"name\":\"Home\",\"item\":\"http:\\\/\\\/lottzilla.net\\\/pl\\\/\"},{\"@type\":\"ListItem\",\"position\":2,\"name\":\"Strona g\u0142\u00f3wna\"}]},{\"@type\":\"WebSite\",\"@id\":\"https:\\\/\\\/lottzilla.net\\\/ja\\\/#website\",\"url\":\"https:\\\/\\\/lottzilla.net\\\/ja\\\/\",\"name\":\"\",\"description\":\"\",\"potentialAction\":[{\"@type\":\"SearchAction\",\"target\":{\"@type\":\"EntryPoint\",\"urlTemplate\":\"https:\\\/\\\/lottzilla.net\\\/ja\\\/?s={search_term_string}\"},\"query-input\":{\"@type\":\"PropertyValueSpecification\",\"valueRequired\":true,\"valueName\":\"search_term_string\"}}],\"inLanguage\":\"pl-PL\"}]}<\/script>\n<!-- \/ Yoast SEO plugin. -->","yoast_head_json":{"title":"Strona g\u0142\u00f3wna","robots":{"index":"index","follow":"follow","max-snippet":"max-snippet:-1","max-image-preview":"max-image-preview:large","max-video-preview":"max-video-preview:-1"},"canonical":"http:\/\/lottzilla.net\/pl\/","og_locale":"pl_PL","og_type":"article","og_title":"Strona g\u0142\u00f3wna","og_description":"Witamy w naszej internetowej us\u0142udze zakupu bilet\u00f3w na loteri\u0119! Dzi\u0119ki nam mo\u017cesz kupi\u0107 bilety na loteri\u0119 do najwi\u0119kszych jackpot\u00f3w na \u015bwiecie. Niezale\u017cnie od tego, gdzie mieszkasz, mo\u017cesz wzi\u0105\u0107 udzia\u0142 w dowolnej loterii, dla kt\u00f3rej oferujemy t\u0119 us\u0142ug\u0119. Musisz by\u0107 prawnie wystarczaj\u0105co doros\u0142y (zgodnie z prawem w Twojej jurysdykcji), aby wzi\u0105\u0107 udzia\u0142 w loterii. Wybierz po &hellip; Read more \"Strona g\u0142\u00f3wna\"","og_url":"http:\/\/lottzilla.net\/pl\/","twitter_card":"summary_large_image","schema":{"@context":"https:\/\/schema.org","@graph":[{"@type":"WebPage","@id":"http:\/\/lottzilla.net\/pl\/","url":"http:\/\/lottzilla.net\/pl\/","name":"Strona g\u0142\u00f3wna","isPartOf":{"@id":"https:\/\/lottzilla.net\/ja\/#website"},"datePublished":"2025-10-26T13:22:57+00:00","breadcrumb":{"@id":"http:\/\/lottzilla.net\/pl\/#breadcrumb"},"inLanguage":"pl-PL","potentialAction":[{"@type":"ReadAction","target":["http:\/\/lottzilla.net\/pl\/"]}]},{"@type":"BreadcrumbList","@id":"http:\/\/lottzilla.net\/pl\/#breadcrumb","itemListElement":[{"@type":"ListItem","position":1,"name":"Home","item":"http:\/\/lottzilla.net\/pl\/"},{"@type":"ListItem","position":2,"name":"Strona g\u0142\u00f3wna"}]},{"@type":"WebSite","@id":"https:\/\/lottzilla.net\/ja\/#website","url":"https:\/\/lottzilla.net\/ja\/","name":"","description":"","potentialAction":[{"@type":"SearchAction","target":{"@type":"EntryPoint","urlTemplate":"https:\/\/lottzilla.net\/ja\/?s={search_term_string}"},"query-input":{"@type":"PropertyValueSpecification","valueRequired":true,"valueName":"search_term_string"}}],"inLanguage":"pl-PL"}]}},"_links":{"self":[{"href":"http:\/\/lottzilla.net\/pl\/wp-json\/wp\/v2\/pages\/90","targetHints":{"allow":["GET"]}}],"collection":[{"href":"http:\/\/lottzilla.net\/pl\/wp-json\/wp\/v2\/pages"}],"about":[{"href":"http:\/\/lottzilla.net\/pl\/wp-json\/wp\/v2\/types\/page"}],"author":[{"embeddable":true,"href":"http:\/\/lottzilla.net\/pl\/wp-json\/wp\/v2\/users\/1"}],"replies":[{"embeddable":true,"href":"http:\/\/lottzilla.net\/pl\/wp-json\/wp\/v2\/comments?post=90"}],"version-history":[{"count":0,"href":"http:\/\/lottzilla.net\/pl\/wp-json\/wp\/v2\/pages\/90\/revisions"}],"wp:attachment":[{"href":"http:\/\/lottzilla.net\/pl\/wp-json\/wp\/v2\/media?parent=90"}],"curies":[{"name":"wp","href":"https:\/\/api.w.org\/{rel}","templated":true}]}}