{"id":89,"date":"2025-10-26T13:22:57","date_gmt":"2025-10-26T13:22:57","guid":{"rendered":"http:\/\/lottzilla.net\/hjem\/"},"modified":"2025-10-26T13:22:57","modified_gmt":"2025-10-26T13:22:57","slug":"hjem","status":"publish","type":"page","link":"http:\/\/lottzilla.net\/no\/","title":{"rendered":"Hjem"},"content":{"rendered":"<h2 style=\"text-align: center;\">Velkommen til v\u00e5r online lottotjeneste!<\/h2>\n<p style=\"text-align: center;\">Gjennom oss kan du f\u00e5 lottobilletter til de st\u00f8rste jackpottene p\u00e5 planeten. Uansett hvor du bor, kan du spille p\u00e5 hvilken som helst av lotteriene vi tilbyr denne tjenesten for. Du m\u00e5 v\u00e6re lovlig gammel nok (i henhold til din jurisdiksjon) for \u00e5 delta i et lotteri. Velg bare et lotteri fra menyen over, eller klikk p\u00e5 banneret nedenfor for \u00e5 komme i gang.<\/p>\n<p> &nbsp; <\/p>\n","protected":false},"excerpt":{"rendered":"<p>Velkommen til v\u00e5r online lottotjeneste! Gjennom oss kan du f\u00e5 lottobilletter til de st\u00f8rste jackpottene p\u00e5 planeten. Uansett hvor du bor, kan du spille p\u00e5 hvilken som helst av lotteriene vi tilbyr denne tjenesten for. Du m\u00e5 v\u00e6re lovlig gammel nok (i henhold til din jurisdiksjon) for \u00e5 delta i et lotteri. Velg bare et &hellip; <\/p>\n<p class=\"link-more\"><a href=\"http:\/\/lottzilla.net\/no\/\" class=\"more-link\">Read more<span class=\"screen-reader-text\"> &laquo;Hjem&raquo;<\/span><\/a><\/p>\n","protected":false},"author":1,"featured_media":0,"parent":0,"menu_order":0,"comment_status":"closed","ping_status":"closed","template":"","meta":{"inspiro_hide_title":false,"footnotes":""},"class_list":["post-89","page","type-page","status-publish","hentry"],"yoast_head":"<!-- This site is optimized with the Yoast SEO plugin v27.6 - https:\/\/yoast.com\/product\/yoast-seo-wordpress\/ -->\n<title>Hjem<\/title>\n<meta name=\"robots\" content=\"index, follow, max-snippet:-1, max-image-preview:large, max-video-preview:-1\" \/>\n<link rel=\"canonical\" href=\"http:\/\/lottzilla.net\/no\/\" \/>\n<meta property=\"og:locale\" content=\"nb_NO\" \/>\n<meta property=\"og:type\" content=\"article\" \/>\n<meta property=\"og:title\" content=\"Hjem\" \/>\n<meta property=\"og:description\" content=\"Velkommen til v\u00e5r online lottotjeneste! Gjennom oss kan du f\u00e5 lottobilletter til de st\u00f8rste jackpottene p\u00e5 planeten. Uansett hvor du bor, kan du spille p\u00e5 hvilken som helst av lotteriene vi tilbyr denne tjenesten for. Du m\u00e5 v\u00e6re lovlig gammel nok (i henhold til din jurisdiksjon) for \u00e5 delta i et lotteri. Velg bare et &hellip; Read more &quot;Hjem&quot;\" \/>\n<meta property=\"og:url\" content=\"http:\/\/lottzilla.net\/no\/\" \/>\n<meta name=\"twitter:card\" content=\"summary_large_image\" \/>\n<script type=\"application\/ld+json\" class=\"yoast-schema-graph\">{\"@context\":\"https:\\\/\\\/schema.org\",\"@graph\":[{\"@type\":\"WebPage\",\"@id\":\"http:\\\/\\\/lottzilla.net\\\/no\\\/\",\"url\":\"http:\\\/\\\/lottzilla.net\\\/no\\\/\",\"name\":\"Hjem\",\"isPartOf\":{\"@id\":\"https:\\\/\\\/lottzilla.net\\\/ja\\\/#website\"},\"datePublished\":\"2025-10-26T13:22:57+00:00\",\"breadcrumb\":{\"@id\":\"http:\\\/\\\/lottzilla.net\\\/no\\\/#breadcrumb\"},\"inLanguage\":\"nb-NO\",\"potentialAction\":[{\"@type\":\"ReadAction\",\"target\":[\"http:\\\/\\\/lottzilla.net\\\/no\\\/\"]}]},{\"@type\":\"BreadcrumbList\",\"@id\":\"http:\\\/\\\/lottzilla.net\\\/no\\\/#breadcrumb\",\"itemListElement\":[{\"@type\":\"ListItem\",\"position\":1,\"name\":\"Home\",\"item\":\"http:\\\/\\\/lottzilla.net\\\/no\\\/\"},{\"@type\":\"ListItem\",\"position\":2,\"name\":\"Hjem\"}]},{\"@type\":\"WebSite\",\"@id\":\"https:\\\/\\\/lottzilla.net\\\/ja\\\/#website\",\"url\":\"https:\\\/\\\/lottzilla.net\\\/ja\\\/\",\"name\":\"\",\"description\":\"\",\"potentialAction\":[{\"@type\":\"SearchAction\",\"target\":{\"@type\":\"EntryPoint\",\"urlTemplate\":\"https:\\\/\\\/lottzilla.net\\\/ja\\\/?s={search_term_string}\"},\"query-input\":{\"@type\":\"PropertyValueSpecification\",\"valueRequired\":true,\"valueName\":\"search_term_string\"}}],\"inLanguage\":\"nb-NO\"}]}<\/script>\n<!-- \/ Yoast SEO plugin. -->","yoast_head_json":{"title":"Hjem","robots":{"index":"index","follow":"follow","max-snippet":"max-snippet:-1","max-image-preview":"max-image-preview:large","max-video-preview":"max-video-preview:-1"},"canonical":"http:\/\/lottzilla.net\/no\/","og_locale":"nb_NO","og_type":"article","og_title":"Hjem","og_description":"Velkommen til v\u00e5r online lottotjeneste! Gjennom oss kan du f\u00e5 lottobilletter til de st\u00f8rste jackpottene p\u00e5 planeten. Uansett hvor du bor, kan du spille p\u00e5 hvilken som helst av lotteriene vi tilbyr denne tjenesten for. Du m\u00e5 v\u00e6re lovlig gammel nok (i henhold til din jurisdiksjon) for \u00e5 delta i et lotteri. Velg bare et &hellip; Read more \"Hjem\"","og_url":"http:\/\/lottzilla.net\/no\/","twitter_card":"summary_large_image","schema":{"@context":"https:\/\/schema.org","@graph":[{"@type":"WebPage","@id":"http:\/\/lottzilla.net\/no\/","url":"http:\/\/lottzilla.net\/no\/","name":"Hjem","isPartOf":{"@id":"https:\/\/lottzilla.net\/ja\/#website"},"datePublished":"2025-10-26T13:22:57+00:00","breadcrumb":{"@id":"http:\/\/lottzilla.net\/no\/#breadcrumb"},"inLanguage":"nb-NO","potentialAction":[{"@type":"ReadAction","target":["http:\/\/lottzilla.net\/no\/"]}]},{"@type":"BreadcrumbList","@id":"http:\/\/lottzilla.net\/no\/#breadcrumb","itemListElement":[{"@type":"ListItem","position":1,"name":"Home","item":"http:\/\/lottzilla.net\/no\/"},{"@type":"ListItem","position":2,"name":"Hjem"}]},{"@type":"WebSite","@id":"https:\/\/lottzilla.net\/ja\/#website","url":"https:\/\/lottzilla.net\/ja\/","name":"","description":"","potentialAction":[{"@type":"SearchAction","target":{"@type":"EntryPoint","urlTemplate":"https:\/\/lottzilla.net\/ja\/?s={search_term_string}"},"query-input":{"@type":"PropertyValueSpecification","valueRequired":true,"valueName":"search_term_string"}}],"inLanguage":"nb-NO"}]}},"_links":{"self":[{"href":"http:\/\/lottzilla.net\/no\/wp-json\/wp\/v2\/pages\/89","targetHints":{"allow":["GET"]}}],"collection":[{"href":"http:\/\/lottzilla.net\/no\/wp-json\/wp\/v2\/pages"}],"about":[{"href":"http:\/\/lottzilla.net\/no\/wp-json\/wp\/v2\/types\/page"}],"author":[{"embeddable":true,"href":"http:\/\/lottzilla.net\/no\/wp-json\/wp\/v2\/users\/1"}],"replies":[{"embeddable":true,"href":"http:\/\/lottzilla.net\/no\/wp-json\/wp\/v2\/comments?post=89"}],"version-history":[{"count":0,"href":"http:\/\/lottzilla.net\/no\/wp-json\/wp\/v2\/pages\/89\/revisions"}],"wp:attachment":[{"href":"http:\/\/lottzilla.net\/no\/wp-json\/wp\/v2\/media?parent=89"}],"curies":[{"name":"wp","href":"https:\/\/api.w.org\/{rel}","templated":true}]}}