{"id":86,"date":"2025-10-26T13:22:57","date_gmt":"2025-10-26T13:22:57","guid":{"rendered":"http:\/\/lottzilla.net\/sakums\/"},"modified":"2025-10-26T13:22:57","modified_gmt":"2025-10-26T13:22:57","slug":"sakums","status":"publish","type":"page","link":"http:\/\/lottzilla.net\/lv\/","title":{"rendered":"S\u0101kums"},"content":{"rendered":"<h2 style=\"text-align: center;\">Laipni l\u016bdzam m\u016bsu tie\u0161saistes loteriju bi\u013ce\u0161u pakalpojum\u0101!<\/h2>\n<p style=\"text-align: center;\">Izmantojot m\u016bsu pakalpojumu, j\u016bs varat ieg\u0101d\u0101ties loterijas bi\u013cetes liel\u0101kajiem d\u017eekpotiem uz plan\u0113tas. Nav svar\u012bgi, kur dz\u012bvojat, j\u016bs varat piedal\u012bties jebkur\u0101 loterij\u0101, kurai m\u0113s pied\u0101v\u0101jam \u0161o pakalpojumu. Jums j\u0101b\u016bt likum\u012bgi pietiekami vecam (atbilsto\u0161i j\u016bsu jurisdikcijai), lai piedal\u012btos loterij\u0101. Vienk\u0101r\u0161i izv\u0113lieties loteriju no aug\u0161\u0113j\u0101 izv\u0113lnes vai noklik\u0161\u0137iniet uz zem\u0101k eso\u0161\u0101 banera, lai s\u0101ktu.<\/p>\n<p> &nbsp; <\/p>\n","protected":false},"excerpt":{"rendered":"<p>Laipni l\u016bdzam m\u016bsu tie\u0161saistes loteriju bi\u013ce\u0161u pakalpojum\u0101! Izmantojot m\u016bsu pakalpojumu, j\u016bs varat ieg\u0101d\u0101ties loterijas bi\u013cetes liel\u0101kajiem d\u017eekpotiem uz plan\u0113tas. Nav svar\u012bgi, kur dz\u012bvojat, j\u016bs varat piedal\u012bties jebkur\u0101 loterij\u0101, kurai m\u0113s pied\u0101v\u0101jam \u0161o pakalpojumu. Jums j\u0101b\u016bt likum\u012bgi pietiekami vecam (atbilsto\u0161i j\u016bsu jurisdikcijai), lai piedal\u012btos loterij\u0101. Vienk\u0101r\u0161i izv\u0113lieties loteriju no aug\u0161\u0113j\u0101 izv\u0113lnes vai noklik\u0161\u0137iniet uz zem\u0101k eso\u0161\u0101 &hellip; <\/p>\n<p class=\"link-more\"><a href=\"http:\/\/lottzilla.net\/lv\/\" class=\"more-link\">Read more<span class=\"screen-reader-text\"> &#8220;S\u0101kums&#8221;<\/span><\/a><\/p>\n","protected":false},"author":1,"featured_media":0,"parent":0,"menu_order":0,"comment_status":"closed","ping_status":"closed","template":"","meta":{"inspiro_hide_title":false,"footnotes":""},"class_list":["post-86","page","type-page","status-publish","hentry"],"yoast_head":"<!-- This site is optimized with the Yoast SEO plugin v27.6 - https:\/\/yoast.com\/product\/yoast-seo-wordpress\/ -->\n<title>S\u0101kums<\/title>\n<meta name=\"robots\" content=\"index, follow, max-snippet:-1, max-image-preview:large, max-video-preview:-1\" \/>\n<link rel=\"canonical\" href=\"http:\/\/lottzilla.net\/lv\/\" \/>\n<meta property=\"og:locale\" content=\"lv_LV\" \/>\n<meta property=\"og:type\" content=\"article\" \/>\n<meta property=\"og:title\" content=\"S\u0101kums\" \/>\n<meta property=\"og:description\" content=\"Laipni l\u016bdzam m\u016bsu tie\u0161saistes loteriju bi\u013ce\u0161u pakalpojum\u0101! Izmantojot m\u016bsu pakalpojumu, j\u016bs varat ieg\u0101d\u0101ties loterijas bi\u013cetes liel\u0101kajiem d\u017eekpotiem uz plan\u0113tas. Nav svar\u012bgi, kur dz\u012bvojat, j\u016bs varat piedal\u012bties jebkur\u0101 loterij\u0101, kurai m\u0113s pied\u0101v\u0101jam \u0161o pakalpojumu. Jums j\u0101b\u016bt likum\u012bgi pietiekami vecam (atbilsto\u0161i j\u016bsu jurisdikcijai), lai piedal\u012btos loterij\u0101. Vienk\u0101r\u0161i izv\u0113lieties loteriju no aug\u0161\u0113j\u0101 izv\u0113lnes vai noklik\u0161\u0137iniet uz zem\u0101k eso\u0161\u0101 &hellip; Read more &quot;S\u0101kums&quot;\" \/>\n<meta property=\"og:url\" content=\"http:\/\/lottzilla.net\/lv\/\" \/>\n<meta name=\"twitter:card\" content=\"summary_large_image\" \/>\n<script type=\"application\/ld+json\" class=\"yoast-schema-graph\">{\"@context\":\"https:\\\/\\\/schema.org\",\"@graph\":[{\"@type\":\"WebPage\",\"@id\":\"http:\\\/\\\/lottzilla.net\\\/lv\\\/\",\"url\":\"http:\\\/\\\/lottzilla.net\\\/lv\\\/\",\"name\":\"S\u0101kums\",\"isPartOf\":{\"@id\":\"https:\\\/\\\/lottzilla.net\\\/ja\\\/#website\"},\"datePublished\":\"2025-10-26T13:22:57+00:00\",\"breadcrumb\":{\"@id\":\"http:\\\/\\\/lottzilla.net\\\/lv\\\/#breadcrumb\"},\"inLanguage\":\"lv-LV\",\"potentialAction\":[{\"@type\":\"ReadAction\",\"target\":[\"http:\\\/\\\/lottzilla.net\\\/lv\\\/\"]}]},{\"@type\":\"BreadcrumbList\",\"@id\":\"http:\\\/\\\/lottzilla.net\\\/lv\\\/#breadcrumb\",\"itemListElement\":[{\"@type\":\"ListItem\",\"position\":1,\"name\":\"Home\",\"item\":\"http:\\\/\\\/lottzilla.net\\\/lv\\\/\"},{\"@type\":\"ListItem\",\"position\":2,\"name\":\"S\u0101kums\"}]},{\"@type\":\"WebSite\",\"@id\":\"https:\\\/\\\/lottzilla.net\\\/ja\\\/#website\",\"url\":\"https:\\\/\\\/lottzilla.net\\\/ja\\\/\",\"name\":\"\",\"description\":\"\",\"potentialAction\":[{\"@type\":\"SearchAction\",\"target\":{\"@type\":\"EntryPoint\",\"urlTemplate\":\"https:\\\/\\\/lottzilla.net\\\/ja\\\/?s={search_term_string}\"},\"query-input\":{\"@type\":\"PropertyValueSpecification\",\"valueRequired\":true,\"valueName\":\"search_term_string\"}}],\"inLanguage\":\"lv-LV\"}]}<\/script>\n<!-- \/ Yoast SEO plugin. -->","yoast_head_json":{"title":"S\u0101kums","robots":{"index":"index","follow":"follow","max-snippet":"max-snippet:-1","max-image-preview":"max-image-preview:large","max-video-preview":"max-video-preview:-1"},"canonical":"http:\/\/lottzilla.net\/lv\/","og_locale":"lv_LV","og_type":"article","og_title":"S\u0101kums","og_description":"Laipni l\u016bdzam m\u016bsu tie\u0161saistes loteriju bi\u013ce\u0161u pakalpojum\u0101! Izmantojot m\u016bsu pakalpojumu, j\u016bs varat ieg\u0101d\u0101ties loterijas bi\u013cetes liel\u0101kajiem d\u017eekpotiem uz plan\u0113tas. Nav svar\u012bgi, kur dz\u012bvojat, j\u016bs varat piedal\u012bties jebkur\u0101 loterij\u0101, kurai m\u0113s pied\u0101v\u0101jam \u0161o pakalpojumu. Jums j\u0101b\u016bt likum\u012bgi pietiekami vecam (atbilsto\u0161i j\u016bsu jurisdikcijai), lai piedal\u012btos loterij\u0101. Vienk\u0101r\u0161i izv\u0113lieties loteriju no aug\u0161\u0113j\u0101 izv\u0113lnes vai noklik\u0161\u0137iniet uz zem\u0101k eso\u0161\u0101 &hellip; Read more \"S\u0101kums\"","og_url":"http:\/\/lottzilla.net\/lv\/","twitter_card":"summary_large_image","schema":{"@context":"https:\/\/schema.org","@graph":[{"@type":"WebPage","@id":"http:\/\/lottzilla.net\/lv\/","url":"http:\/\/lottzilla.net\/lv\/","name":"S\u0101kums","isPartOf":{"@id":"https:\/\/lottzilla.net\/ja\/#website"},"datePublished":"2025-10-26T13:22:57+00:00","breadcrumb":{"@id":"http:\/\/lottzilla.net\/lv\/#breadcrumb"},"inLanguage":"lv-LV","potentialAction":[{"@type":"ReadAction","target":["http:\/\/lottzilla.net\/lv\/"]}]},{"@type":"BreadcrumbList","@id":"http:\/\/lottzilla.net\/lv\/#breadcrumb","itemListElement":[{"@type":"ListItem","position":1,"name":"Home","item":"http:\/\/lottzilla.net\/lv\/"},{"@type":"ListItem","position":2,"name":"S\u0101kums"}]},{"@type":"WebSite","@id":"https:\/\/lottzilla.net\/ja\/#website","url":"https:\/\/lottzilla.net\/ja\/","name":"","description":"","potentialAction":[{"@type":"SearchAction","target":{"@type":"EntryPoint","urlTemplate":"https:\/\/lottzilla.net\/ja\/?s={search_term_string}"},"query-input":{"@type":"PropertyValueSpecification","valueRequired":true,"valueName":"search_term_string"}}],"inLanguage":"lv-LV"}]}},"_links":{"self":[{"href":"http:\/\/lottzilla.net\/lv\/wp-json\/wp\/v2\/pages\/86","targetHints":{"allow":["GET"]}}],"collection":[{"href":"http:\/\/lottzilla.net\/lv\/wp-json\/wp\/v2\/pages"}],"about":[{"href":"http:\/\/lottzilla.net\/lv\/wp-json\/wp\/v2\/types\/page"}],"author":[{"embeddable":true,"href":"http:\/\/lottzilla.net\/lv\/wp-json\/wp\/v2\/users\/1"}],"replies":[{"embeddable":true,"href":"http:\/\/lottzilla.net\/lv\/wp-json\/wp\/v2\/comments?post=86"}],"version-history":[{"count":0,"href":"http:\/\/lottzilla.net\/lv\/wp-json\/wp\/v2\/pages\/86\/revisions"}],"wp:attachment":[{"href":"http:\/\/lottzilla.net\/lv\/wp-json\/wp\/v2\/media?parent=86"}],"curies":[{"name":"wp","href":"https:\/\/api.w.org\/{rel}","templated":true}]}}