{"id":87,"date":"2025-10-26T13:22:57","date_gmt":"2025-10-26T13:22:57","guid":{"rendered":"http:\/\/lottzilla.net\/pradzia\/"},"modified":"2025-10-26T13:22:57","modified_gmt":"2025-10-26T13:22:57","slug":"pradzia","status":"publish","type":"page","link":"http:\/\/lottzilla.net\/lt\/","title":{"rendered":"Prad\u017eia"},"content":{"rendered":"<h2 style=\"text-align: center;\">Sveiki atvyk\u0119 \u012f m\u016bs\u0173 internetin\u0119 loterijos biliet\u0173 paslaug\u0105!<\/h2>\n<p style=\"text-align: center;\">Per mus galite \u012fsigyti loterijos bilietus did\u017eiausiems pasaulio d\u017eekpotams. Nesvarbu, kur gyvenate, galite dalyvauti bet kurioje loterijoje, kuriai mes teikiame \u0161i\u0105 paslaug\u0105. Turite b\u016bti pakankamai vyresni pagal j\u016bs\u0173 jurisdikcij\u0105, kad gal\u0117tum\u0117te dalyvauti loterijoje. Tiesiog pasirinkite loterij\u0105 i\u0161 vir\u0161utinio meniu arba spustel\u0117kite \u017eemiau esant\u012f baner\u012f, kad prad\u0117tum\u0117te.<\/p>\n<p> &nbsp; <\/p>\n","protected":false},"excerpt":{"rendered":"<p>Sveiki atvyk\u0119 \u012f m\u016bs\u0173 internetin\u0119 loterijos biliet\u0173 paslaug\u0105! Per mus galite \u012fsigyti loterijos bilietus did\u017eiausiems pasaulio d\u017eekpotams. Nesvarbu, kur gyvenate, galite dalyvauti bet kurioje loterijoje, kuriai mes teikiame \u0161i\u0105 paslaug\u0105. Turite b\u016bti pakankamai vyresni pagal j\u016bs\u0173 jurisdikcij\u0105, kad gal\u0117tum\u0117te dalyvauti loterijoje. Tiesiog pasirinkite loterij\u0105 i\u0161 vir\u0161utinio meniu arba spustel\u0117kite \u017eemiau esant\u012f baner\u012f, kad prad\u0117tum\u0117te. &nbsp;<\/p>\n","protected":false},"author":1,"featured_media":0,"parent":0,"menu_order":0,"comment_status":"closed","ping_status":"closed","template":"","meta":{"inspiro_hide_title":false,"footnotes":""},"class_list":["post-87","page","type-page","status-publish","hentry"],"yoast_head":"<!-- This site is optimized with the Yoast SEO plugin v27.6 - https:\/\/yoast.com\/product\/yoast-seo-wordpress\/ -->\n<title>Prad\u017eia<\/title>\n<meta name=\"robots\" content=\"index, follow, max-snippet:-1, max-image-preview:large, max-video-preview:-1\" \/>\n<link rel=\"canonical\" href=\"https:\/\/lottzilla.net\/lt\/\" \/>\n<meta property=\"og:locale\" content=\"lt_LT\" \/>\n<meta property=\"og:type\" content=\"article\" \/>\n<meta property=\"og:title\" content=\"Prad\u017eia\" \/>\n<meta property=\"og:description\" content=\"Sveiki atvyk\u0119 \u012f m\u016bs\u0173 internetin\u0119 loterijos biliet\u0173 paslaug\u0105! Per mus galite \u012fsigyti loterijos bilietus did\u017eiausiems pasaulio d\u017eekpotams. Nesvarbu, kur gyvenate, galite dalyvauti bet kurioje loterijoje, kuriai mes teikiame \u0161i\u0105 paslaug\u0105. Turite b\u016bti pakankamai vyresni pagal j\u016bs\u0173 jurisdikcij\u0105, kad gal\u0117tum\u0117te dalyvauti loterijoje. Tiesiog pasirinkite loterij\u0105 i\u0161 vir\u0161utinio meniu arba spustel\u0117kite \u017eemiau esant\u012f baner\u012f, kad prad\u0117tum\u0117te. &nbsp;\" \/>\n<meta property=\"og:url\" content=\"https:\/\/lottzilla.net\/lt\/\" \/>\n<meta name=\"twitter:card\" content=\"summary_large_image\" \/>\n<script type=\"application\/ld+json\" class=\"yoast-schema-graph\">{\"@context\":\"https:\\\/\\\/schema.org\",\"@graph\":[{\"@type\":\"WebPage\",\"@id\":\"https:\\\/\\\/lottzilla.net\\\/lt\\\/\",\"url\":\"https:\\\/\\\/lottzilla.net\\\/lt\\\/\",\"name\":\"Prad\u017eia\",\"isPartOf\":{\"@id\":\"https:\\\/\\\/lottzilla.net\\\/ja\\\/#website\"},\"datePublished\":\"2025-10-26T13:22:57+00:00\",\"breadcrumb\":{\"@id\":\"https:\\\/\\\/lottzilla.net\\\/lt\\\/#breadcrumb\"},\"inLanguage\":\"lt-LT\",\"potentialAction\":[{\"@type\":\"ReadAction\",\"target\":[\"https:\\\/\\\/lottzilla.net\\\/lt\\\/\"]}]},{\"@type\":\"BreadcrumbList\",\"@id\":\"https:\\\/\\\/lottzilla.net\\\/lt\\\/#breadcrumb\",\"itemListElement\":[{\"@type\":\"ListItem\",\"position\":1,\"name\":\"Home\",\"item\":\"https:\\\/\\\/lottzilla.net\\\/lt\\\/\"},{\"@type\":\"ListItem\",\"position\":2,\"name\":\"Prad\u017eia\"}]},{\"@type\":\"WebSite\",\"@id\":\"https:\\\/\\\/lottzilla.net\\\/ja\\\/#website\",\"url\":\"https:\\\/\\\/lottzilla.net\\\/ja\\\/\",\"name\":\"\",\"description\":\"\",\"potentialAction\":[{\"@type\":\"SearchAction\",\"target\":{\"@type\":\"EntryPoint\",\"urlTemplate\":\"https:\\\/\\\/lottzilla.net\\\/ja\\\/?s={search_term_string}\"},\"query-input\":{\"@type\":\"PropertyValueSpecification\",\"valueRequired\":true,\"valueName\":\"search_term_string\"}}],\"inLanguage\":\"lt-LT\"}]}<\/script>\n<!-- \/ Yoast SEO plugin. -->","yoast_head_json":{"title":"Prad\u017eia","robots":{"index":"index","follow":"follow","max-snippet":"max-snippet:-1","max-image-preview":"max-image-preview:large","max-video-preview":"max-video-preview:-1"},"canonical":"https:\/\/lottzilla.net\/lt\/","og_locale":"lt_LT","og_type":"article","og_title":"Prad\u017eia","og_description":"Sveiki atvyk\u0119 \u012f m\u016bs\u0173 internetin\u0119 loterijos biliet\u0173 paslaug\u0105! Per mus galite \u012fsigyti loterijos bilietus did\u017eiausiems pasaulio d\u017eekpotams. Nesvarbu, kur gyvenate, galite dalyvauti bet kurioje loterijoje, kuriai mes teikiame \u0161i\u0105 paslaug\u0105. Turite b\u016bti pakankamai vyresni pagal j\u016bs\u0173 jurisdikcij\u0105, kad gal\u0117tum\u0117te dalyvauti loterijoje. Tiesiog pasirinkite loterij\u0105 i\u0161 vir\u0161utinio meniu arba spustel\u0117kite \u017eemiau esant\u012f baner\u012f, kad prad\u0117tum\u0117te. &nbsp;","og_url":"https:\/\/lottzilla.net\/lt\/","twitter_card":"summary_large_image","schema":{"@context":"https:\/\/schema.org","@graph":[{"@type":"WebPage","@id":"https:\/\/lottzilla.net\/lt\/","url":"https:\/\/lottzilla.net\/lt\/","name":"Prad\u017eia","isPartOf":{"@id":"https:\/\/lottzilla.net\/ja\/#website"},"datePublished":"2025-10-26T13:22:57+00:00","breadcrumb":{"@id":"https:\/\/lottzilla.net\/lt\/#breadcrumb"},"inLanguage":"lt-LT","potentialAction":[{"@type":"ReadAction","target":["https:\/\/lottzilla.net\/lt\/"]}]},{"@type":"BreadcrumbList","@id":"https:\/\/lottzilla.net\/lt\/#breadcrumb","itemListElement":[{"@type":"ListItem","position":1,"name":"Home","item":"https:\/\/lottzilla.net\/lt\/"},{"@type":"ListItem","position":2,"name":"Prad\u017eia"}]},{"@type":"WebSite","@id":"https:\/\/lottzilla.net\/ja\/#website","url":"https:\/\/lottzilla.net\/ja\/","name":"","description":"","potentialAction":[{"@type":"SearchAction","target":{"@type":"EntryPoint","urlTemplate":"https:\/\/lottzilla.net\/ja\/?s={search_term_string}"},"query-input":{"@type":"PropertyValueSpecification","valueRequired":true,"valueName":"search_term_string"}}],"inLanguage":"lt-LT"}]}},"_links":{"self":[{"href":"http:\/\/lottzilla.net\/lt\/wp-json\/wp\/v2\/pages\/87","targetHints":{"allow":["GET"]}}],"collection":[{"href":"http:\/\/lottzilla.net\/lt\/wp-json\/wp\/v2\/pages"}],"about":[{"href":"http:\/\/lottzilla.net\/lt\/wp-json\/wp\/v2\/types\/page"}],"author":[{"embeddable":true,"href":"http:\/\/lottzilla.net\/lt\/wp-json\/wp\/v2\/users\/1"}],"replies":[{"embeddable":true,"href":"http:\/\/lottzilla.net\/lt\/wp-json\/wp\/v2\/comments?post=87"}],"version-history":[{"count":0,"href":"http:\/\/lottzilla.net\/lt\/wp-json\/wp\/v2\/pages\/87\/revisions"}],"wp:attachment":[{"href":"http:\/\/lottzilla.net\/lt\/wp-json\/wp\/v2\/media?parent=87"}],"curies":[{"name":"wp","href":"https:\/\/api.w.org\/{rel}","templated":true}]}}