{"id":81,"date":"2025-10-26T13:22:57","date_gmt":"2025-10-26T13:22:57","guid":{"rendered":"http:\/\/lottzilla.net\/fooldal\/"},"modified":"2025-10-26T13:22:57","modified_gmt":"2025-10-26T13:22:57","slug":"fooldal","status":"publish","type":"page","link":"http:\/\/lottzilla.net\/hu\/","title":{"rendered":"F\u0151oldal"},"content":{"rendered":"<h2 style=\"text-align: center;\">\u00dcdv\u00f6z\u00f6lj\u00fck online lott\u00f3szelv\u00e9ny szolg\u00e1ltat\u00e1sunkban!<\/h2>\n<p style=\"text-align: center;\">Rajtunk kereszt\u00fcl a vil\u00e1g legnagyobb lott\u00f3nyerem\u00e9nyeire v\u00e1s\u00e1rolhat lott\u00f3szelv\u00e9nyeket. Nem sz\u00e1m\u00edt, hol \u00e9l, b\u00e1rmelyik olyan lott\u00f3n j\u00e1tszhat, amelyhez ezt a szolg\u00e1ltat\u00e1st k\u00edn\u00e1ljuk. A r\u00e9szv\u00e9telhez t\u00f6rv\u00e9nyileg elegend\u0151 \u00e9letkor\u00fanak kell lennie (a joghat\u00f3s\u00e1ga szerint). Csak v\u00e1lasszon egy lott\u00f3t a fenti men\u00fcb\u0151l, vagy kattintson az al\u00e1bbi bannerekre a kezd\u00e9shez.<\/p>\n<p> &nbsp; <\/p>\n","protected":false},"excerpt":{"rendered":"<p>\u00dcdv\u00f6z\u00f6lj\u00fck online lott\u00f3szelv\u00e9ny szolg\u00e1ltat\u00e1sunkban! Rajtunk kereszt\u00fcl a vil\u00e1g legnagyobb lott\u00f3nyerem\u00e9nyeire v\u00e1s\u00e1rolhat lott\u00f3szelv\u00e9nyeket. Nem sz\u00e1m\u00edt, hol \u00e9l, b\u00e1rmelyik olyan lott\u00f3n j\u00e1tszhat, amelyhez ezt a szolg\u00e1ltat\u00e1st k\u00edn\u00e1ljuk. A r\u00e9szv\u00e9telhez t\u00f6rv\u00e9nyileg elegend\u0151 \u00e9letkor\u00fanak kell lennie (a joghat\u00f3s\u00e1ga szerint). Csak v\u00e1lasszon egy lott\u00f3t a fenti men\u00fcb\u0151l, vagy kattintson az al\u00e1bbi bannerekre a kezd\u00e9shez. &nbsp;<\/p>\n","protected":false},"author":1,"featured_media":0,"parent":0,"menu_order":0,"comment_status":"closed","ping_status":"closed","template":"","meta":{"inspiro_hide_title":false,"footnotes":""},"class_list":["post-81","page","type-page","status-publish","hentry"],"yoast_head":"<!-- This site is optimized with the Yoast SEO plugin v27.6 - https:\/\/yoast.com\/product\/yoast-seo-wordpress\/ -->\n<title>F\u0151oldal<\/title>\n<meta name=\"robots\" content=\"index, follow, max-snippet:-1, max-image-preview:large, max-video-preview:-1\" \/>\n<link rel=\"canonical\" href=\"https:\/\/lottzilla.net\/hu\/\" \/>\n<meta property=\"og:locale\" content=\"hu_HU\" \/>\n<meta property=\"og:type\" content=\"article\" \/>\n<meta property=\"og:title\" content=\"F\u0151oldal\" \/>\n<meta property=\"og:description\" content=\"\u00dcdv\u00f6z\u00f6lj\u00fck online lott\u00f3szelv\u00e9ny szolg\u00e1ltat\u00e1sunkban! Rajtunk kereszt\u00fcl a vil\u00e1g legnagyobb lott\u00f3nyerem\u00e9nyeire v\u00e1s\u00e1rolhat lott\u00f3szelv\u00e9nyeket. Nem sz\u00e1m\u00edt, hol \u00e9l, b\u00e1rmelyik olyan lott\u00f3n j\u00e1tszhat, amelyhez ezt a szolg\u00e1ltat\u00e1st k\u00edn\u00e1ljuk. A r\u00e9szv\u00e9telhez t\u00f6rv\u00e9nyileg elegend\u0151 \u00e9letkor\u00fanak kell lennie (a joghat\u00f3s\u00e1ga szerint). Csak v\u00e1lasszon egy lott\u00f3t a fenti men\u00fcb\u0151l, vagy kattintson az al\u00e1bbi bannerekre a kezd\u00e9shez. &nbsp;\" \/>\n<meta property=\"og:url\" content=\"https:\/\/lottzilla.net\/hu\/\" \/>\n<meta name=\"twitter:card\" content=\"summary_large_image\" \/>\n<script type=\"application\/ld+json\" class=\"yoast-schema-graph\">{\"@context\":\"https:\\\/\\\/schema.org\",\"@graph\":[{\"@type\":\"WebPage\",\"@id\":\"https:\\\/\\\/lottzilla.net\\\/hu\\\/\",\"url\":\"https:\\\/\\\/lottzilla.net\\\/hu\\\/\",\"name\":\"F\u0151oldal\",\"isPartOf\":{\"@id\":\"https:\\\/\\\/lottzilla.net\\\/ja\\\/#website\"},\"datePublished\":\"2025-10-26T13:22:57+00:00\",\"breadcrumb\":{\"@id\":\"https:\\\/\\\/lottzilla.net\\\/hu\\\/#breadcrumb\"},\"inLanguage\":\"hu\",\"potentialAction\":[{\"@type\":\"ReadAction\",\"target\":[\"https:\\\/\\\/lottzilla.net\\\/hu\\\/\"]}]},{\"@type\":\"BreadcrumbList\",\"@id\":\"https:\\\/\\\/lottzilla.net\\\/hu\\\/#breadcrumb\",\"itemListElement\":[{\"@type\":\"ListItem\",\"position\":1,\"name\":\"Home\",\"item\":\"https:\\\/\\\/lottzilla.net\\\/hu\\\/\"},{\"@type\":\"ListItem\",\"position\":2,\"name\":\"F\u0151oldal\"}]},{\"@type\":\"WebSite\",\"@id\":\"https:\\\/\\\/lottzilla.net\\\/ja\\\/#website\",\"url\":\"https:\\\/\\\/lottzilla.net\\\/ja\\\/\",\"name\":\"\",\"description\":\"\",\"potentialAction\":[{\"@type\":\"SearchAction\",\"target\":{\"@type\":\"EntryPoint\",\"urlTemplate\":\"https:\\\/\\\/lottzilla.net\\\/ja\\\/?s={search_term_string}\"},\"query-input\":{\"@type\":\"PropertyValueSpecification\",\"valueRequired\":true,\"valueName\":\"search_term_string\"}}],\"inLanguage\":\"hu\"}]}<\/script>\n<!-- \/ Yoast SEO plugin. -->","yoast_head_json":{"title":"F\u0151oldal","robots":{"index":"index","follow":"follow","max-snippet":"max-snippet:-1","max-image-preview":"max-image-preview:large","max-video-preview":"max-video-preview:-1"},"canonical":"https:\/\/lottzilla.net\/hu\/","og_locale":"hu_HU","og_type":"article","og_title":"F\u0151oldal","og_description":"\u00dcdv\u00f6z\u00f6lj\u00fck online lott\u00f3szelv\u00e9ny szolg\u00e1ltat\u00e1sunkban! Rajtunk kereszt\u00fcl a vil\u00e1g legnagyobb lott\u00f3nyerem\u00e9nyeire v\u00e1s\u00e1rolhat lott\u00f3szelv\u00e9nyeket. Nem sz\u00e1m\u00edt, hol \u00e9l, b\u00e1rmelyik olyan lott\u00f3n j\u00e1tszhat, amelyhez ezt a szolg\u00e1ltat\u00e1st k\u00edn\u00e1ljuk. A r\u00e9szv\u00e9telhez t\u00f6rv\u00e9nyileg elegend\u0151 \u00e9letkor\u00fanak kell lennie (a joghat\u00f3s\u00e1ga szerint). Csak v\u00e1lasszon egy lott\u00f3t a fenti men\u00fcb\u0151l, vagy kattintson az al\u00e1bbi bannerekre a kezd\u00e9shez. &nbsp;","og_url":"https:\/\/lottzilla.net\/hu\/","twitter_card":"summary_large_image","schema":{"@context":"https:\/\/schema.org","@graph":[{"@type":"WebPage","@id":"https:\/\/lottzilla.net\/hu\/","url":"https:\/\/lottzilla.net\/hu\/","name":"F\u0151oldal","isPartOf":{"@id":"https:\/\/lottzilla.net\/ja\/#website"},"datePublished":"2025-10-26T13:22:57+00:00","breadcrumb":{"@id":"https:\/\/lottzilla.net\/hu\/#breadcrumb"},"inLanguage":"hu","potentialAction":[{"@type":"ReadAction","target":["https:\/\/lottzilla.net\/hu\/"]}]},{"@type":"BreadcrumbList","@id":"https:\/\/lottzilla.net\/hu\/#breadcrumb","itemListElement":[{"@type":"ListItem","position":1,"name":"Home","item":"https:\/\/lottzilla.net\/hu\/"},{"@type":"ListItem","position":2,"name":"F\u0151oldal"}]},{"@type":"WebSite","@id":"https:\/\/lottzilla.net\/ja\/#website","url":"https:\/\/lottzilla.net\/ja\/","name":"","description":"","potentialAction":[{"@type":"SearchAction","target":{"@type":"EntryPoint","urlTemplate":"https:\/\/lottzilla.net\/ja\/?s={search_term_string}"},"query-input":{"@type":"PropertyValueSpecification","valueRequired":true,"valueName":"search_term_string"}}],"inLanguage":"hu"}]}},"_links":{"self":[{"href":"http:\/\/lottzilla.net\/hu\/wp-json\/wp\/v2\/pages\/81","targetHints":{"allow":["GET"]}}],"collection":[{"href":"http:\/\/lottzilla.net\/hu\/wp-json\/wp\/v2\/pages"}],"about":[{"href":"http:\/\/lottzilla.net\/hu\/wp-json\/wp\/v2\/types\/page"}],"author":[{"embeddable":true,"href":"http:\/\/lottzilla.net\/hu\/wp-json\/wp\/v2\/users\/1"}],"replies":[{"embeddable":true,"href":"http:\/\/lottzilla.net\/hu\/wp-json\/wp\/v2\/comments?post=81"}],"version-history":[{"count":0,"href":"http:\/\/lottzilla.net\/hu\/wp-json\/wp\/v2\/pages\/81\/revisions"}],"wp:attachment":[{"href":"http:\/\/lottzilla.net\/hu\/wp-json\/wp\/v2\/media?parent=81"}],"curies":[{"name":"wp","href":"https:\/\/api.w.org\/{rel}","templated":true}]}}