{"id":73,"date":"2025-10-26T13:22:57","date_gmt":"2025-10-26T13:22:57","guid":{"rendered":"http:\/\/lottzilla.net\/pocetna\/"},"modified":"2025-10-26T13:22:57","modified_gmt":"2025-10-26T13:22:57","slug":"pocetna","status":"publish","type":"page","link":"http:\/\/lottzilla.net\/hr\/","title":{"rendered":"Po\u010detna"},"content":{"rendered":"<h2 style=\"text-align: center;\">Dobrodo\u0161li u na\u0161u online uslugu lutrijskih listi\u0107a!<\/h2>\n<p style=\"text-align: center;\">Putem nas mo\u017eete nabaviti lutrijske listi\u0107e za najve\u0107e svjetske jackpotove. Bez obzira gdje \u017eivite, mo\u017eete igrati bilo koju lutriju za koju nudimo ovu uslugu. Morate biti punoljetni prema zakonima va\u0161e zemlje kako biste sudjelovali. Samo odaberite lutriju iz gornjeg izbornika ili kliknite na banner ispod da zapo\u010dnete.<\/p>\n<p> &nbsp; <\/p>\n","protected":false},"excerpt":{"rendered":"<p>Dobrodo\u0161li u na\u0161u online uslugu lutrijskih listi\u0107a! Putem nas mo\u017eete nabaviti lutrijske listi\u0107e za najve\u0107e svjetske jackpotove. Bez obzira gdje \u017eivite, mo\u017eete igrati bilo koju lutriju za koju nudimo ovu uslugu. Morate biti punoljetni prema zakonima va\u0161e zemlje kako biste sudjelovali. Samo odaberite lutriju iz gornjeg izbornika ili kliknite na banner ispod da zapo\u010dnete. &nbsp;<\/p>\n","protected":false},"author":1,"featured_media":0,"parent":0,"menu_order":0,"comment_status":"closed","ping_status":"closed","template":"","meta":{"inspiro_hide_title":false,"footnotes":""},"class_list":["post-73","page","type-page","status-publish","hentry"],"yoast_head":"<!-- This site is optimized with the Yoast SEO plugin v27.6 - https:\/\/yoast.com\/product\/yoast-seo-wordpress\/ -->\n<title>Po\u010detna<\/title>\n<meta name=\"robots\" content=\"index, follow, max-snippet:-1, max-image-preview:large, max-video-preview:-1\" \/>\n<link rel=\"canonical\" href=\"http:\/\/lottzilla.net\/hr\/\" \/>\n<meta property=\"og:locale\" content=\"hr_HR\" \/>\n<meta property=\"og:type\" content=\"article\" \/>\n<meta property=\"og:title\" content=\"Po\u010detna\" \/>\n<meta property=\"og:description\" content=\"Dobrodo\u0161li u na\u0161u online uslugu lutrijskih listi\u0107a! Putem nas mo\u017eete nabaviti lutrijske listi\u0107e za najve\u0107e svjetske jackpotove. Bez obzira gdje \u017eivite, mo\u017eete igrati bilo koju lutriju za koju nudimo ovu uslugu. Morate biti punoljetni prema zakonima va\u0161e zemlje kako biste sudjelovali. Samo odaberite lutriju iz gornjeg izbornika ili kliknite na banner ispod da zapo\u010dnete. &nbsp;\" \/>\n<meta property=\"og:url\" content=\"http:\/\/lottzilla.net\/hr\/\" \/>\n<meta name=\"twitter:card\" content=\"summary_large_image\" \/>\n<script type=\"application\/ld+json\" class=\"yoast-schema-graph\">{\"@context\":\"https:\\\/\\\/schema.org\",\"@graph\":[{\"@type\":\"WebPage\",\"@id\":\"http:\\\/\\\/lottzilla.net\\\/hr\\\/\",\"url\":\"http:\\\/\\\/lottzilla.net\\\/hr\\\/\",\"name\":\"Po\u010detna\",\"isPartOf\":{\"@id\":\"https:\\\/\\\/lottzilla.net\\\/ja\\\/#website\"},\"datePublished\":\"2025-10-26T13:22:57+00:00\",\"breadcrumb\":{\"@id\":\"http:\\\/\\\/lottzilla.net\\\/hr\\\/#breadcrumb\"},\"inLanguage\":\"hr\",\"potentialAction\":[{\"@type\":\"ReadAction\",\"target\":[\"http:\\\/\\\/lottzilla.net\\\/hr\\\/\"]}]},{\"@type\":\"BreadcrumbList\",\"@id\":\"http:\\\/\\\/lottzilla.net\\\/hr\\\/#breadcrumb\",\"itemListElement\":[{\"@type\":\"ListItem\",\"position\":1,\"name\":\"Home\",\"item\":\"http:\\\/\\\/lottzilla.net\\\/hr\\\/\"},{\"@type\":\"ListItem\",\"position\":2,\"name\":\"Po\u010detna\"}]},{\"@type\":\"WebSite\",\"@id\":\"https:\\\/\\\/lottzilla.net\\\/ja\\\/#website\",\"url\":\"https:\\\/\\\/lottzilla.net\\\/ja\\\/\",\"name\":\"\",\"description\":\"\",\"potentialAction\":[{\"@type\":\"SearchAction\",\"target\":{\"@type\":\"EntryPoint\",\"urlTemplate\":\"https:\\\/\\\/lottzilla.net\\\/ja\\\/?s={search_term_string}\"},\"query-input\":{\"@type\":\"PropertyValueSpecification\",\"valueRequired\":true,\"valueName\":\"search_term_string\"}}],\"inLanguage\":\"hr\"}]}<\/script>\n<!-- \/ Yoast SEO plugin. -->","yoast_head_json":{"title":"Po\u010detna","robots":{"index":"index","follow":"follow","max-snippet":"max-snippet:-1","max-image-preview":"max-image-preview:large","max-video-preview":"max-video-preview:-1"},"canonical":"http:\/\/lottzilla.net\/hr\/","og_locale":"hr_HR","og_type":"article","og_title":"Po\u010detna","og_description":"Dobrodo\u0161li u na\u0161u online uslugu lutrijskih listi\u0107a! Putem nas mo\u017eete nabaviti lutrijske listi\u0107e za najve\u0107e svjetske jackpotove. Bez obzira gdje \u017eivite, mo\u017eete igrati bilo koju lutriju za koju nudimo ovu uslugu. Morate biti punoljetni prema zakonima va\u0161e zemlje kako biste sudjelovali. Samo odaberite lutriju iz gornjeg izbornika ili kliknite na banner ispod da zapo\u010dnete. &nbsp;","og_url":"http:\/\/lottzilla.net\/hr\/","twitter_card":"summary_large_image","schema":{"@context":"https:\/\/schema.org","@graph":[{"@type":"WebPage","@id":"http:\/\/lottzilla.net\/hr\/","url":"http:\/\/lottzilla.net\/hr\/","name":"Po\u010detna","isPartOf":{"@id":"https:\/\/lottzilla.net\/ja\/#website"},"datePublished":"2025-10-26T13:22:57+00:00","breadcrumb":{"@id":"http:\/\/lottzilla.net\/hr\/#breadcrumb"},"inLanguage":"hr","potentialAction":[{"@type":"ReadAction","target":["http:\/\/lottzilla.net\/hr\/"]}]},{"@type":"BreadcrumbList","@id":"http:\/\/lottzilla.net\/hr\/#breadcrumb","itemListElement":[{"@type":"ListItem","position":1,"name":"Home","item":"http:\/\/lottzilla.net\/hr\/"},{"@type":"ListItem","position":2,"name":"Po\u010detna"}]},{"@type":"WebSite","@id":"https:\/\/lottzilla.net\/ja\/#website","url":"https:\/\/lottzilla.net\/ja\/","name":"","description":"","potentialAction":[{"@type":"SearchAction","target":{"@type":"EntryPoint","urlTemplate":"https:\/\/lottzilla.net\/ja\/?s={search_term_string}"},"query-input":{"@type":"PropertyValueSpecification","valueRequired":true,"valueName":"search_term_string"}}],"inLanguage":"hr"}]}},"_links":{"self":[{"href":"http:\/\/lottzilla.net\/hr\/wp-json\/wp\/v2\/pages\/73","targetHints":{"allow":["GET"]}}],"collection":[{"href":"http:\/\/lottzilla.net\/hr\/wp-json\/wp\/v2\/pages"}],"about":[{"href":"http:\/\/lottzilla.net\/hr\/wp-json\/wp\/v2\/types\/page"}],"author":[{"embeddable":true,"href":"http:\/\/lottzilla.net\/hr\/wp-json\/wp\/v2\/users\/1"}],"replies":[{"embeddable":true,"href":"http:\/\/lottzilla.net\/hr\/wp-json\/wp\/v2\/comments?post=73"}],"version-history":[{"count":0,"href":"http:\/\/lottzilla.net\/hr\/wp-json\/wp\/v2\/pages\/73\/revisions"}],"wp:attachment":[{"href":"http:\/\/lottzilla.net\/hr\/wp-json\/wp\/v2\/media?parent=73"}],"curies":[{"name":"wp","href":"https:\/\/api.w.org\/{rel}","templated":true}]}}