{"id":78,"date":"2025-10-26T13:22:57","date_gmt":"2025-10-26T13:22:57","guid":{"rendered":"http:\/\/lottzilla.net\/page-daccueil\/"},"modified":"2025-10-26T13:22:57","modified_gmt":"2025-10-26T13:22:57","slug":"page-daccueil","status":"publish","type":"page","link":"http:\/\/lottzilla.net\/fr\/","title":{"rendered":"Page d&rsquo;accueil"},"content":{"rendered":"<h2 style=\"text-align: center;\">Bienvenue sur notre service de billets de loto en ligne !<\/h2>\n<p style=\"text-align: center;\">Gr\u00e2ce \u00e0 nous, vous pouvez obtenir des billets de loto pour les plus gros jackpots de la plan\u00e8te. Peu importe o\u00f9 vous vivez, vous pouvez participer \u00e0 n&rsquo;importe quelle loterie pour laquelle nous proposons ce service. Vous devez avoir l&rsquo;\u00e2ge l\u00e9gal (dans votre juridiction) pour participer \u00e0 une loterie. Il vous suffit de choisir une loterie dans le menu ci-dessus ou de cliquer sur la banni\u00e8re ci-dessous pour commencer.<\/p>\n<p> &nbsp; <\/p>\n","protected":false},"excerpt":{"rendered":"<p>Bienvenue sur notre service de billets de loto en ligne ! Gr\u00e2ce \u00e0 nous, vous pouvez obtenir des billets de loto pour les plus gros jackpots de la plan\u00e8te. Peu importe o\u00f9 vous vivez, vous pouvez participer \u00e0 n&rsquo;importe quelle loterie pour laquelle nous proposons ce service. Vous devez avoir l&rsquo;\u00e2ge l\u00e9gal (dans votre juridiction) &hellip; <\/p>\n<p class=\"link-more\"><a href=\"http:\/\/lottzilla.net\/fr\/\" class=\"more-link\">Lire la suite de<span class=\"screen-reader-text\">\u00ab\u00a0Page d&rsquo;accueil\u00a0\u00bb<\/span><\/a><\/p>\n","protected":false},"author":1,"featured_media":0,"parent":0,"menu_order":0,"comment_status":"closed","ping_status":"closed","template":"","meta":{"inspiro_hide_title":false,"footnotes":""},"class_list":["post-78","page","type-page","status-publish","hentry"],"yoast_head":"<!-- This site is optimized with the Yoast SEO plugin v27.6 - https:\/\/yoast.com\/product\/yoast-seo-wordpress\/ -->\n<title>Page d&#039;accueil<\/title>\n<meta name=\"robots\" content=\"index, follow, max-snippet:-1, max-image-preview:large, max-video-preview:-1\" \/>\n<link rel=\"canonical\" href=\"http:\/\/lottzilla.net\/fr\/\" \/>\n<meta property=\"og:locale\" content=\"fr_FR\" \/>\n<meta property=\"og:type\" content=\"article\" \/>\n<meta property=\"og:title\" content=\"Page d&#039;accueil\" \/>\n<meta property=\"og:description\" content=\"Bienvenue sur notre service de billets de loto en ligne ! Gr\u00e2ce \u00e0 nous, vous pouvez obtenir des billets de loto pour les plus gros jackpots de la plan\u00e8te. Peu importe o\u00f9 vous vivez, vous pouvez participer \u00e0 n&rsquo;importe quelle loterie pour laquelle nous proposons ce service. Vous devez avoir l&rsquo;\u00e2ge l\u00e9gal (dans votre juridiction) &hellip; Lire la suite de\u00ab\u00a0Page d&rsquo;accueil\u00a0\u00bb\" \/>\n<meta property=\"og:url\" content=\"http:\/\/lottzilla.net\/fr\/\" \/>\n<meta name=\"twitter:card\" content=\"summary_large_image\" \/>\n<script type=\"application\/ld+json\" class=\"yoast-schema-graph\">{\"@context\":\"https:\\\/\\\/schema.org\",\"@graph\":[{\"@type\":\"WebPage\",\"@id\":\"http:\\\/\\\/lottzilla.net\\\/fr\\\/\",\"url\":\"http:\\\/\\\/lottzilla.net\\\/fr\\\/\",\"name\":\"Page d'accueil\",\"isPartOf\":{\"@id\":\"https:\\\/\\\/lottzilla.net\\\/ja\\\/#website\"},\"datePublished\":\"2025-10-26T13:22:57+00:00\",\"breadcrumb\":{\"@id\":\"http:\\\/\\\/lottzilla.net\\\/fr\\\/#breadcrumb\"},\"inLanguage\":\"fr-FR\",\"potentialAction\":[{\"@type\":\"ReadAction\",\"target\":[\"http:\\\/\\\/lottzilla.net\\\/fr\\\/\"]}]},{\"@type\":\"BreadcrumbList\",\"@id\":\"http:\\\/\\\/lottzilla.net\\\/fr\\\/#breadcrumb\",\"itemListElement\":[{\"@type\":\"ListItem\",\"position\":1,\"name\":\"Home\",\"item\":\"http:\\\/\\\/lottzilla.net\\\/fr\\\/\"},{\"@type\":\"ListItem\",\"position\":2,\"name\":\"Page d&rsquo;accueil\"}]},{\"@type\":\"WebSite\",\"@id\":\"https:\\\/\\\/lottzilla.net\\\/ja\\\/#website\",\"url\":\"https:\\\/\\\/lottzilla.net\\\/ja\\\/\",\"name\":\"\",\"description\":\"\",\"potentialAction\":[{\"@type\":\"SearchAction\",\"target\":{\"@type\":\"EntryPoint\",\"urlTemplate\":\"https:\\\/\\\/lottzilla.net\\\/ja\\\/?s={search_term_string}\"},\"query-input\":{\"@type\":\"PropertyValueSpecification\",\"valueRequired\":true,\"valueName\":\"search_term_string\"}}],\"inLanguage\":\"fr-FR\"}]}<\/script>\n<!-- \/ Yoast SEO plugin. -->","yoast_head_json":{"title":"Page d'accueil","robots":{"index":"index","follow":"follow","max-snippet":"max-snippet:-1","max-image-preview":"max-image-preview:large","max-video-preview":"max-video-preview:-1"},"canonical":"http:\/\/lottzilla.net\/fr\/","og_locale":"fr_FR","og_type":"article","og_title":"Page d'accueil","og_description":"Bienvenue sur notre service de billets de loto en ligne ! Gr\u00e2ce \u00e0 nous, vous pouvez obtenir des billets de loto pour les plus gros jackpots de la plan\u00e8te. Peu importe o\u00f9 vous vivez, vous pouvez participer \u00e0 n&rsquo;importe quelle loterie pour laquelle nous proposons ce service. Vous devez avoir l&rsquo;\u00e2ge l\u00e9gal (dans votre juridiction) &hellip; Lire la suite de\u00ab\u00a0Page d&rsquo;accueil\u00a0\u00bb","og_url":"http:\/\/lottzilla.net\/fr\/","twitter_card":"summary_large_image","schema":{"@context":"https:\/\/schema.org","@graph":[{"@type":"WebPage","@id":"http:\/\/lottzilla.net\/fr\/","url":"http:\/\/lottzilla.net\/fr\/","name":"Page d'accueil","isPartOf":{"@id":"https:\/\/lottzilla.net\/ja\/#website"},"datePublished":"2025-10-26T13:22:57+00:00","breadcrumb":{"@id":"http:\/\/lottzilla.net\/fr\/#breadcrumb"},"inLanguage":"fr-FR","potentialAction":[{"@type":"ReadAction","target":["http:\/\/lottzilla.net\/fr\/"]}]},{"@type":"BreadcrumbList","@id":"http:\/\/lottzilla.net\/fr\/#breadcrumb","itemListElement":[{"@type":"ListItem","position":1,"name":"Home","item":"http:\/\/lottzilla.net\/fr\/"},{"@type":"ListItem","position":2,"name":"Page d&rsquo;accueil"}]},{"@type":"WebSite","@id":"https:\/\/lottzilla.net\/ja\/#website","url":"https:\/\/lottzilla.net\/ja\/","name":"","description":"","potentialAction":[{"@type":"SearchAction","target":{"@type":"EntryPoint","urlTemplate":"https:\/\/lottzilla.net\/ja\/?s={search_term_string}"},"query-input":{"@type":"PropertyValueSpecification","valueRequired":true,"valueName":"search_term_string"}}],"inLanguage":"fr-FR"}]}},"_links":{"self":[{"href":"http:\/\/lottzilla.net\/fr\/wp-json\/wp\/v2\/pages\/78","targetHints":{"allow":["GET"]}}],"collection":[{"href":"http:\/\/lottzilla.net\/fr\/wp-json\/wp\/v2\/pages"}],"about":[{"href":"http:\/\/lottzilla.net\/fr\/wp-json\/wp\/v2\/types\/page"}],"author":[{"embeddable":true,"href":"http:\/\/lottzilla.net\/fr\/wp-json\/wp\/v2\/users\/1"}],"replies":[{"embeddable":true,"href":"http:\/\/lottzilla.net\/fr\/wp-json\/wp\/v2\/comments?post=78"}],"version-history":[{"count":0,"href":"http:\/\/lottzilla.net\/fr\/wp-json\/wp\/v2\/pages\/78\/revisions"}],"wp:attachment":[{"href":"http:\/\/lottzilla.net\/fr\/wp-json\/wp\/v2\/media?parent=78"}],"curies":[{"name":"wp","href":"https:\/\/api.w.org\/{rel}","templated":true}]}}