{"id":77,"date":"2025-10-26T13:22:57","date_gmt":"2025-10-26T13:22:57","guid":{"rendered":"http:\/\/lottzilla.net\/etusivu\/"},"modified":"2025-10-26T13:22:57","modified_gmt":"2025-10-26T13:22:57","slug":"etusivu","status":"publish","type":"page","link":"http:\/\/lottzilla.net\/fi\/","title":{"rendered":"Etusivu"},"content":{"rendered":"<h2 style=\"text-align: center;\">Tervetuloa online-lottopalveluumme!<\/h2>\n<p style=\"text-align: center;\">Meid\u00e4n kauttamme voit ostaa lottokuponkeja maailman suurimpiin j\u00e4ttipotteihin. Asuinpaikallasi ei ole v\u00e4li\u00e4 \u2013 voit pelata mit\u00e4 tahansa lottoa, johon tarjoamme t\u00e4t\u00e4 palvelua. Sinun on oltava laillisesti t\u00e4ysi-ik\u00e4inen (maasi lakien mukaan) osallistuaksesi. Valitse vain lotto yl\u00e4valikosta tai napsauta alla olevaa banneria aloittaaksesi.<\/p>\n<p> &nbsp; <\/p>\n","protected":false},"excerpt":{"rendered":"<p>Tervetuloa online-lottopalveluumme! Meid\u00e4n kauttamme voit ostaa lottokuponkeja maailman suurimpiin j\u00e4ttipotteihin. Asuinpaikallasi ei ole v\u00e4li\u00e4 \u2013 voit pelata mit\u00e4 tahansa lottoa, johon tarjoamme t\u00e4t\u00e4 palvelua. Sinun on oltava laillisesti t\u00e4ysi-ik\u00e4inen (maasi lakien mukaan) osallistuaksesi. Valitse vain lotto yl\u00e4valikosta tai napsauta alla olevaa banneria aloittaaksesi. &nbsp;<\/p>\n","protected":false},"author":1,"featured_media":0,"parent":0,"menu_order":0,"comment_status":"closed","ping_status":"closed","template":"","meta":{"inspiro_hide_title":false,"footnotes":""},"class_list":["post-77","page","type-page","status-publish","hentry"],"yoast_head":"<!-- This site is optimized with the Yoast SEO plugin v27.6 - https:\/\/yoast.com\/product\/yoast-seo-wordpress\/ -->\n<title>Etusivu<\/title>\n<meta name=\"robots\" content=\"index, follow, max-snippet:-1, max-image-preview:large, max-video-preview:-1\" \/>\n<link rel=\"canonical\" href=\"https:\/\/lottzilla.net\/fi\/\" \/>\n<meta property=\"og:locale\" content=\"fi_FI\" \/>\n<meta property=\"og:type\" content=\"article\" \/>\n<meta property=\"og:title\" content=\"Etusivu\" \/>\n<meta property=\"og:description\" content=\"Tervetuloa online-lottopalveluumme! Meid\u00e4n kauttamme voit ostaa lottokuponkeja maailman suurimpiin j\u00e4ttipotteihin. Asuinpaikallasi ei ole v\u00e4li\u00e4 \u2013 voit pelata mit\u00e4 tahansa lottoa, johon tarjoamme t\u00e4t\u00e4 palvelua. Sinun on oltava laillisesti t\u00e4ysi-ik\u00e4inen (maasi lakien mukaan) osallistuaksesi. Valitse vain lotto yl\u00e4valikosta tai napsauta alla olevaa banneria aloittaaksesi. &nbsp;\" \/>\n<meta property=\"og:url\" content=\"https:\/\/lottzilla.net\/fi\/\" \/>\n<meta name=\"twitter:card\" content=\"summary_large_image\" \/>\n<script type=\"application\/ld+json\" class=\"yoast-schema-graph\">{\"@context\":\"https:\\\/\\\/schema.org\",\"@graph\":[{\"@type\":\"WebPage\",\"@id\":\"https:\\\/\\\/lottzilla.net\\\/fi\\\/\",\"url\":\"https:\\\/\\\/lottzilla.net\\\/fi\\\/\",\"name\":\"Etusivu\",\"isPartOf\":{\"@id\":\"https:\\\/\\\/lottzilla.net\\\/ja\\\/#website\"},\"datePublished\":\"2025-10-26T13:22:57+00:00\",\"breadcrumb\":{\"@id\":\"https:\\\/\\\/lottzilla.net\\\/fi\\\/#breadcrumb\"},\"inLanguage\":\"fi\",\"potentialAction\":[{\"@type\":\"ReadAction\",\"target\":[\"https:\\\/\\\/lottzilla.net\\\/fi\\\/\"]}]},{\"@type\":\"BreadcrumbList\",\"@id\":\"https:\\\/\\\/lottzilla.net\\\/fi\\\/#breadcrumb\",\"itemListElement\":[{\"@type\":\"ListItem\",\"position\":1,\"name\":\"Home\",\"item\":\"https:\\\/\\\/lottzilla.net\\\/fi\\\/\"},{\"@type\":\"ListItem\",\"position\":2,\"name\":\"Etusivu\"}]},{\"@type\":\"WebSite\",\"@id\":\"https:\\\/\\\/lottzilla.net\\\/ja\\\/#website\",\"url\":\"https:\\\/\\\/lottzilla.net\\\/ja\\\/\",\"name\":\"\",\"description\":\"\",\"potentialAction\":[{\"@type\":\"SearchAction\",\"target\":{\"@type\":\"EntryPoint\",\"urlTemplate\":\"https:\\\/\\\/lottzilla.net\\\/ja\\\/?s={search_term_string}\"},\"query-input\":{\"@type\":\"PropertyValueSpecification\",\"valueRequired\":true,\"valueName\":\"search_term_string\"}}],\"inLanguage\":\"fi\"}]}<\/script>\n<!-- \/ Yoast SEO plugin. -->","yoast_head_json":{"title":"Etusivu","robots":{"index":"index","follow":"follow","max-snippet":"max-snippet:-1","max-image-preview":"max-image-preview:large","max-video-preview":"max-video-preview:-1"},"canonical":"https:\/\/lottzilla.net\/fi\/","og_locale":"fi_FI","og_type":"article","og_title":"Etusivu","og_description":"Tervetuloa online-lottopalveluumme! Meid\u00e4n kauttamme voit ostaa lottokuponkeja maailman suurimpiin j\u00e4ttipotteihin. Asuinpaikallasi ei ole v\u00e4li\u00e4 \u2013 voit pelata mit\u00e4 tahansa lottoa, johon tarjoamme t\u00e4t\u00e4 palvelua. Sinun on oltava laillisesti t\u00e4ysi-ik\u00e4inen (maasi lakien mukaan) osallistuaksesi. Valitse vain lotto yl\u00e4valikosta tai napsauta alla olevaa banneria aloittaaksesi. &nbsp;","og_url":"https:\/\/lottzilla.net\/fi\/","twitter_card":"summary_large_image","schema":{"@context":"https:\/\/schema.org","@graph":[{"@type":"WebPage","@id":"https:\/\/lottzilla.net\/fi\/","url":"https:\/\/lottzilla.net\/fi\/","name":"Etusivu","isPartOf":{"@id":"https:\/\/lottzilla.net\/ja\/#website"},"datePublished":"2025-10-26T13:22:57+00:00","breadcrumb":{"@id":"https:\/\/lottzilla.net\/fi\/#breadcrumb"},"inLanguage":"fi","potentialAction":[{"@type":"ReadAction","target":["https:\/\/lottzilla.net\/fi\/"]}]},{"@type":"BreadcrumbList","@id":"https:\/\/lottzilla.net\/fi\/#breadcrumb","itemListElement":[{"@type":"ListItem","position":1,"name":"Home","item":"https:\/\/lottzilla.net\/fi\/"},{"@type":"ListItem","position":2,"name":"Etusivu"}]},{"@type":"WebSite","@id":"https:\/\/lottzilla.net\/ja\/#website","url":"https:\/\/lottzilla.net\/ja\/","name":"","description":"","potentialAction":[{"@type":"SearchAction","target":{"@type":"EntryPoint","urlTemplate":"https:\/\/lottzilla.net\/ja\/?s={search_term_string}"},"query-input":{"@type":"PropertyValueSpecification","valueRequired":true,"valueName":"search_term_string"}}],"inLanguage":"fi"}]}},"_links":{"self":[{"href":"http:\/\/lottzilla.net\/fi\/wp-json\/wp\/v2\/pages\/77","targetHints":{"allow":["GET"]}}],"collection":[{"href":"http:\/\/lottzilla.net\/fi\/wp-json\/wp\/v2\/pages"}],"about":[{"href":"http:\/\/lottzilla.net\/fi\/wp-json\/wp\/v2\/types\/page"}],"author":[{"embeddable":true,"href":"http:\/\/lottzilla.net\/fi\/wp-json\/wp\/v2\/users\/1"}],"replies":[{"embeddable":true,"href":"http:\/\/lottzilla.net\/fi\/wp-json\/wp\/v2\/comments?post=77"}],"version-history":[{"count":0,"href":"http:\/\/lottzilla.net\/fi\/wp-json\/wp\/v2\/pages\/77\/revisions"}],"wp:attachment":[{"href":"http:\/\/lottzilla.net\/fi\/wp-json\/wp\/v2\/media?parent=77"}],"curies":[{"name":"wp","href":"https:\/\/api.w.org\/{rel}","templated":true}]}}