{"id":76,"date":"2025-10-26T13:22:57","date_gmt":"2025-10-26T13:22:57","guid":{"rendered":"http:\/\/lottzilla.net\/avaleht\/"},"modified":"2025-10-26T13:22:57","modified_gmt":"2025-10-26T13:22:57","slug":"avaleht","status":"publish","type":"page","link":"http:\/\/lottzilla.net\/et\/","title":{"rendered":"Avaleht"},"content":{"rendered":"<h2 style=\"text-align: center;\">Tere tulemast meie online lotopiletite teenusesse!<\/h2>\n<p style=\"text-align: center;\">Meie kaudu saate osta pileteid maailma suurimate lotov\u00f5itude jaoks. Pole t\u00e4htis, kus te elate \u2013 saate m\u00e4ngida \u00fcksk\u00f5ik millises lotos, millele me seda teenust pakume. Peate olema seaduslikult piisavalt vana (oma piirkonna seaduste j\u00e4rgi), et loteriil osaleda. Valige lihtsalt loterii \u00fclaltoodud men\u00fc\u00fcst v\u00f5i kl\u00f5psake allolevat b\u00e4nnerit, et alustada.<\/p>\n<p> &nbsp; <\/p>\n","protected":false},"excerpt":{"rendered":"<p>Tere tulemast meie online lotopiletite teenusesse! Meie kaudu saate osta pileteid maailma suurimate lotov\u00f5itude jaoks. Pole t\u00e4htis, kus te elate \u2013 saate m\u00e4ngida \u00fcksk\u00f5ik millises lotos, millele me seda teenust pakume. Peate olema seaduslikult piisavalt vana (oma piirkonna seaduste j\u00e4rgi), et loteriil osaleda. Valige lihtsalt loterii \u00fclaltoodud men\u00fc\u00fcst v\u00f5i kl\u00f5psake allolevat b\u00e4nnerit, et alustada. &nbsp;<\/p>\n","protected":false},"author":1,"featured_media":0,"parent":0,"menu_order":0,"comment_status":"closed","ping_status":"closed","template":"","meta":{"inspiro_hide_title":false,"footnotes":""},"class_list":["post-76","page","type-page","status-publish","hentry"],"yoast_head":"<!-- This site is optimized with the Yoast SEO plugin v27.6 - https:\/\/yoast.com\/product\/yoast-seo-wordpress\/ -->\n<title>Avaleht<\/title>\n<meta name=\"robots\" content=\"index, follow, max-snippet:-1, max-image-preview:large, max-video-preview:-1\" \/>\n<link rel=\"canonical\" href=\"https:\/\/lottzilla.net\/et\/\" \/>\n<meta property=\"og:locale\" content=\"et_EE\" \/>\n<meta property=\"og:type\" content=\"article\" \/>\n<meta property=\"og:title\" content=\"Avaleht\" \/>\n<meta property=\"og:description\" content=\"Tere tulemast meie online lotopiletite teenusesse! Meie kaudu saate osta pileteid maailma suurimate lotov\u00f5itude jaoks. Pole t\u00e4htis, kus te elate \u2013 saate m\u00e4ngida \u00fcksk\u00f5ik millises lotos, millele me seda teenust pakume. Peate olema seaduslikult piisavalt vana (oma piirkonna seaduste j\u00e4rgi), et loteriil osaleda. Valige lihtsalt loterii \u00fclaltoodud men\u00fc\u00fcst v\u00f5i kl\u00f5psake allolevat b\u00e4nnerit, et alustada. &nbsp;\" \/>\n<meta property=\"og:url\" content=\"https:\/\/lottzilla.net\/et\/\" \/>\n<meta name=\"twitter:card\" content=\"summary_large_image\" \/>\n<script type=\"application\/ld+json\" class=\"yoast-schema-graph\">{\"@context\":\"https:\\\/\\\/schema.org\",\"@graph\":[{\"@type\":\"WebPage\",\"@id\":\"https:\\\/\\\/lottzilla.net\\\/et\\\/\",\"url\":\"https:\\\/\\\/lottzilla.net\\\/et\\\/\",\"name\":\"Avaleht\",\"isPartOf\":{\"@id\":\"https:\\\/\\\/lottzilla.net\\\/ja\\\/#website\"},\"datePublished\":\"2025-10-26T13:22:57+00:00\",\"breadcrumb\":{\"@id\":\"https:\\\/\\\/lottzilla.net\\\/et\\\/#breadcrumb\"},\"inLanguage\":\"et\",\"potentialAction\":[{\"@type\":\"ReadAction\",\"target\":[\"https:\\\/\\\/lottzilla.net\\\/et\\\/\"]}]},{\"@type\":\"BreadcrumbList\",\"@id\":\"https:\\\/\\\/lottzilla.net\\\/et\\\/#breadcrumb\",\"itemListElement\":[{\"@type\":\"ListItem\",\"position\":1,\"name\":\"Home\",\"item\":\"https:\\\/\\\/lottzilla.net\\\/et\\\/\"},{\"@type\":\"ListItem\",\"position\":2,\"name\":\"Avaleht\"}]},{\"@type\":\"WebSite\",\"@id\":\"https:\\\/\\\/lottzilla.net\\\/ja\\\/#website\",\"url\":\"https:\\\/\\\/lottzilla.net\\\/ja\\\/\",\"name\":\"\",\"description\":\"\",\"potentialAction\":[{\"@type\":\"SearchAction\",\"target\":{\"@type\":\"EntryPoint\",\"urlTemplate\":\"https:\\\/\\\/lottzilla.net\\\/ja\\\/?s={search_term_string}\"},\"query-input\":{\"@type\":\"PropertyValueSpecification\",\"valueRequired\":true,\"valueName\":\"search_term_string\"}}],\"inLanguage\":\"et\"}]}<\/script>\n<!-- \/ Yoast SEO plugin. -->","yoast_head_json":{"title":"Avaleht","robots":{"index":"index","follow":"follow","max-snippet":"max-snippet:-1","max-image-preview":"max-image-preview:large","max-video-preview":"max-video-preview:-1"},"canonical":"https:\/\/lottzilla.net\/et\/","og_locale":"et_EE","og_type":"article","og_title":"Avaleht","og_description":"Tere tulemast meie online lotopiletite teenusesse! Meie kaudu saate osta pileteid maailma suurimate lotov\u00f5itude jaoks. Pole t\u00e4htis, kus te elate \u2013 saate m\u00e4ngida \u00fcksk\u00f5ik millises lotos, millele me seda teenust pakume. Peate olema seaduslikult piisavalt vana (oma piirkonna seaduste j\u00e4rgi), et loteriil osaleda. Valige lihtsalt loterii \u00fclaltoodud men\u00fc\u00fcst v\u00f5i kl\u00f5psake allolevat b\u00e4nnerit, et alustada. &nbsp;","og_url":"https:\/\/lottzilla.net\/et\/","twitter_card":"summary_large_image","schema":{"@context":"https:\/\/schema.org","@graph":[{"@type":"WebPage","@id":"https:\/\/lottzilla.net\/et\/","url":"https:\/\/lottzilla.net\/et\/","name":"Avaleht","isPartOf":{"@id":"https:\/\/lottzilla.net\/ja\/#website"},"datePublished":"2025-10-26T13:22:57+00:00","breadcrumb":{"@id":"https:\/\/lottzilla.net\/et\/#breadcrumb"},"inLanguage":"et","potentialAction":[{"@type":"ReadAction","target":["https:\/\/lottzilla.net\/et\/"]}]},{"@type":"BreadcrumbList","@id":"https:\/\/lottzilla.net\/et\/#breadcrumb","itemListElement":[{"@type":"ListItem","position":1,"name":"Home","item":"https:\/\/lottzilla.net\/et\/"},{"@type":"ListItem","position":2,"name":"Avaleht"}]},{"@type":"WebSite","@id":"https:\/\/lottzilla.net\/ja\/#website","url":"https:\/\/lottzilla.net\/ja\/","name":"","description":"","potentialAction":[{"@type":"SearchAction","target":{"@type":"EntryPoint","urlTemplate":"https:\/\/lottzilla.net\/ja\/?s={search_term_string}"},"query-input":{"@type":"PropertyValueSpecification","valueRequired":true,"valueName":"search_term_string"}}],"inLanguage":"et"}]}},"_links":{"self":[{"href":"http:\/\/lottzilla.net\/et\/wp-json\/wp\/v2\/pages\/76","targetHints":{"allow":["GET"]}}],"collection":[{"href":"http:\/\/lottzilla.net\/et\/wp-json\/wp\/v2\/pages"}],"about":[{"href":"http:\/\/lottzilla.net\/et\/wp-json\/wp\/v2\/types\/page"}],"author":[{"embeddable":true,"href":"http:\/\/lottzilla.net\/et\/wp-json\/wp\/v2\/users\/1"}],"replies":[{"embeddable":true,"href":"http:\/\/lottzilla.net\/et\/wp-json\/wp\/v2\/comments?post=76"}],"version-history":[{"count":0,"href":"http:\/\/lottzilla.net\/et\/wp-json\/wp\/v2\/pages\/76\/revisions"}],"wp:attachment":[{"href":"http:\/\/lottzilla.net\/et\/wp-json\/wp\/v2\/media?parent=76"}],"curies":[{"name":"wp","href":"https:\/\/api.w.org\/{rel}","templated":true}]}}