{"id":97,"date":"2025-10-26T13:22:57","date_gmt":"2025-10-26T13:22:57","guid":{"rendered":"http:\/\/lottzilla.net\/inicio\/"},"modified":"2025-10-26T13:22:57","modified_gmt":"2025-10-26T13:22:57","slug":"inicio","status":"publish","type":"page","link":"http:\/\/lottzilla.net\/es\/","title":{"rendered":"Inicio"},"content":{"rendered":"<h2 style=\"text-align: center;\">\u00a1Bienvenido a nuestro servicio de boletos de loter\u00eda en l\u00ednea!<\/h2>\n<p style=\"text-align: center;\">A trav\u00e9s de nosotros, puedes obtener boletos de loter\u00eda para los jackpots m\u00e1s grandes del planeta. No importa d\u00f3nde vivas, puedes participar en cualquiera de las loter\u00edas para las que ofrecemos este servicio. Debes ser legalmente mayor de edad (seg\u00fan las leyes de tu jurisdicci\u00f3n) para participar en una loter\u00eda. Solo elige una loter\u00eda del men\u00fa de arriba o haz clic en el banner de abajo para comenzar.<\/p>\n<p> &nbsp; <\/p>\n","protected":false},"excerpt":{"rendered":"<p>\u00a1Bienvenido a nuestro servicio de boletos de loter\u00eda en l\u00ednea! A trav\u00e9s de nosotros, puedes obtener boletos de loter\u00eda para los jackpots m\u00e1s grandes del planeta. No importa d\u00f3nde vivas, puedes participar en cualquiera de las loter\u00edas para las que ofrecemos este servicio. Debes ser legalmente mayor de edad (seg\u00fan las leyes de tu jurisdicci\u00f3n) &hellip; <\/p>\n<p class=\"link-more\"><a href=\"http:\/\/lottzilla.net\/es\/\" class=\"more-link\">Leer m\u00e1s<span class=\"screen-reader-text\"> \u00abInicio\u00bb<\/span><\/a><\/p>\n","protected":false},"author":1,"featured_media":0,"parent":0,"menu_order":0,"comment_status":"closed","ping_status":"closed","template":"","meta":{"inspiro_hide_title":false,"footnotes":""},"class_list":["post-97","page","type-page","status-publish","hentry"],"yoast_head":"<!-- This site is optimized with the Yoast SEO plugin v27.6 - https:\/\/yoast.com\/product\/yoast-seo-wordpress\/ -->\n<title>Inicio<\/title>\n<meta name=\"robots\" content=\"index, follow, max-snippet:-1, max-image-preview:large, max-video-preview:-1\" \/>\n<link rel=\"canonical\" href=\"http:\/\/lottzilla.net\/es\/\" \/>\n<meta property=\"og:locale\" content=\"es_ES\" \/>\n<meta property=\"og:type\" content=\"article\" \/>\n<meta property=\"og:title\" content=\"Inicio\" \/>\n<meta property=\"og:description\" content=\"\u00a1Bienvenido a nuestro servicio de boletos de loter\u00eda en l\u00ednea! A trav\u00e9s de nosotros, puedes obtener boletos de loter\u00eda para los jackpots m\u00e1s grandes del planeta. No importa d\u00f3nde vivas, puedes participar en cualquiera de las loter\u00edas para las que ofrecemos este servicio. Debes ser legalmente mayor de edad (seg\u00fan las leyes de tu jurisdicci\u00f3n) &hellip; Leer m\u00e1s \u00abInicio\u00bb\" \/>\n<meta property=\"og:url\" content=\"http:\/\/lottzilla.net\/es\/\" \/>\n<meta name=\"twitter:card\" content=\"summary_large_image\" \/>\n<script type=\"application\/ld+json\" class=\"yoast-schema-graph\">{\"@context\":\"https:\\\/\\\/schema.org\",\"@graph\":[{\"@type\":\"WebPage\",\"@id\":\"http:\\\/\\\/lottzilla.net\\\/es\\\/\",\"url\":\"http:\\\/\\\/lottzilla.net\\\/es\\\/\",\"name\":\"Inicio\",\"isPartOf\":{\"@id\":\"https:\\\/\\\/lottzilla.net\\\/ja\\\/#website\"},\"datePublished\":\"2025-10-26T13:22:57+00:00\",\"breadcrumb\":{\"@id\":\"http:\\\/\\\/lottzilla.net\\\/es\\\/#breadcrumb\"},\"inLanguage\":\"es\",\"potentialAction\":[{\"@type\":\"ReadAction\",\"target\":[\"http:\\\/\\\/lottzilla.net\\\/es\\\/\"]}]},{\"@type\":\"BreadcrumbList\",\"@id\":\"http:\\\/\\\/lottzilla.net\\\/es\\\/#breadcrumb\",\"itemListElement\":[{\"@type\":\"ListItem\",\"position\":1,\"name\":\"Home\",\"item\":\"http:\\\/\\\/lottzilla.net\\\/es\\\/\"},{\"@type\":\"ListItem\",\"position\":2,\"name\":\"Inicio\"}]},{\"@type\":\"WebSite\",\"@id\":\"https:\\\/\\\/lottzilla.net\\\/ja\\\/#website\",\"url\":\"https:\\\/\\\/lottzilla.net\\\/ja\\\/\",\"name\":\"\",\"description\":\"\",\"potentialAction\":[{\"@type\":\"SearchAction\",\"target\":{\"@type\":\"EntryPoint\",\"urlTemplate\":\"https:\\\/\\\/lottzilla.net\\\/ja\\\/?s={search_term_string}\"},\"query-input\":{\"@type\":\"PropertyValueSpecification\",\"valueRequired\":true,\"valueName\":\"search_term_string\"}}],\"inLanguage\":\"es\"}]}<\/script>\n<!-- \/ Yoast SEO plugin. -->","yoast_head_json":{"title":"Inicio","robots":{"index":"index","follow":"follow","max-snippet":"max-snippet:-1","max-image-preview":"max-image-preview:large","max-video-preview":"max-video-preview:-1"},"canonical":"http:\/\/lottzilla.net\/es\/","og_locale":"es_ES","og_type":"article","og_title":"Inicio","og_description":"\u00a1Bienvenido a nuestro servicio de boletos de loter\u00eda en l\u00ednea! A trav\u00e9s de nosotros, puedes obtener boletos de loter\u00eda para los jackpots m\u00e1s grandes del planeta. No importa d\u00f3nde vivas, puedes participar en cualquiera de las loter\u00edas para las que ofrecemos este servicio. Debes ser legalmente mayor de edad (seg\u00fan las leyes de tu jurisdicci\u00f3n) &hellip; Leer m\u00e1s \u00abInicio\u00bb","og_url":"http:\/\/lottzilla.net\/es\/","twitter_card":"summary_large_image","schema":{"@context":"https:\/\/schema.org","@graph":[{"@type":"WebPage","@id":"http:\/\/lottzilla.net\/es\/","url":"http:\/\/lottzilla.net\/es\/","name":"Inicio","isPartOf":{"@id":"https:\/\/lottzilla.net\/ja\/#website"},"datePublished":"2025-10-26T13:22:57+00:00","breadcrumb":{"@id":"http:\/\/lottzilla.net\/es\/#breadcrumb"},"inLanguage":"es","potentialAction":[{"@type":"ReadAction","target":["http:\/\/lottzilla.net\/es\/"]}]},{"@type":"BreadcrumbList","@id":"http:\/\/lottzilla.net\/es\/#breadcrumb","itemListElement":[{"@type":"ListItem","position":1,"name":"Home","item":"http:\/\/lottzilla.net\/es\/"},{"@type":"ListItem","position":2,"name":"Inicio"}]},{"@type":"WebSite","@id":"https:\/\/lottzilla.net\/ja\/#website","url":"https:\/\/lottzilla.net\/ja\/","name":"","description":"","potentialAction":[{"@type":"SearchAction","target":{"@type":"EntryPoint","urlTemplate":"https:\/\/lottzilla.net\/ja\/?s={search_term_string}"},"query-input":{"@type":"PropertyValueSpecification","valueRequired":true,"valueName":"search_term_string"}}],"inLanguage":"es"}]}},"_links":{"self":[{"href":"http:\/\/lottzilla.net\/es\/wp-json\/wp\/v2\/pages\/97","targetHints":{"allow":["GET"]}}],"collection":[{"href":"http:\/\/lottzilla.net\/es\/wp-json\/wp\/v2\/pages"}],"about":[{"href":"http:\/\/lottzilla.net\/es\/wp-json\/wp\/v2\/types\/page"}],"author":[{"embeddable":true,"href":"http:\/\/lottzilla.net\/es\/wp-json\/wp\/v2\/users\/1"}],"replies":[{"embeddable":true,"href":"http:\/\/lottzilla.net\/es\/wp-json\/wp\/v2\/comments?post=97"}],"version-history":[{"count":0,"href":"http:\/\/lottzilla.net\/es\/wp-json\/wp\/v2\/pages\/97\/revisions"}],"wp:attachment":[{"href":"http:\/\/lottzilla.net\/es\/wp-json\/wp\/v2\/media?parent=97"}],"curies":[{"name":"wp","href":"https:\/\/api.w.org\/{rel}","templated":true}]}}