{"id":79,"date":"2025-10-26T13:22:57","date_gmt":"2025-10-26T13:22:57","guid":{"rendered":"http:\/\/lottzilla.net\/startseite\/"},"modified":"2025-10-26T13:22:57","modified_gmt":"2025-10-26T13:22:57","slug":"startseite","status":"publish","type":"page","link":"http:\/\/lottzilla.net\/de\/","title":{"rendered":"Startseite"},"content":{"rendered":"<h2 style=\"text-align: center;\">Willkommen bei unserem Online-Lotto-Ticket-Service!<\/h2>\n<p style=\"text-align: center;\">\u00dcber uns k\u00f6nnen Sie Lotto-Tickets f\u00fcr die gr\u00f6\u00dften Jackpots der Welt erhalten. Egal, wo Sie leben, Sie k\u00f6nnen an jeder der Lotterien teilnehmen, f\u00fcr die wir diesen Service anbieten. Sie m\u00fcssen in Ihrem Land gesetzlich alt genug sein, um an einer Lotterie teilzunehmen. W\u00e4hlen Sie einfach eine Lotterie aus dem Men\u00fc oben aus oder klicken Sie auf das Banner unten, um zu beginnen.<\/p>\n<p> &nbsp; <\/p>\n","protected":false},"excerpt":{"rendered":"<p>Willkommen bei unserem Online-Lotto-Ticket-Service! \u00dcber uns k\u00f6nnen Sie Lotto-Tickets f\u00fcr die gr\u00f6\u00dften Jackpots der Welt erhalten. Egal, wo Sie leben, Sie k\u00f6nnen an jeder der Lotterien teilnehmen, f\u00fcr die wir diesen Service anbieten. Sie m\u00fcssen in Ihrem Land gesetzlich alt genug sein, um an einer Lotterie teilzunehmen. W\u00e4hlen Sie einfach eine Lotterie aus dem Men\u00fc &hellip; <\/p>\n<p class=\"link-more\"><a href=\"http:\/\/lottzilla.net\/de\/\" class=\"more-link\">Mehr <span class=\"screen-reader-text\">\u00fcber &#8222;Startseite&#8220; <\/span>Lesen<\/a><\/p>\n","protected":false},"author":1,"featured_media":0,"parent":0,"menu_order":0,"comment_status":"closed","ping_status":"closed","template":"","meta":{"inspiro_hide_title":false,"footnotes":""},"class_list":["post-79","page","type-page","status-publish","hentry"],"yoast_head":"<!-- This site is optimized with the Yoast SEO plugin v27.6 - https:\/\/yoast.com\/product\/yoast-seo-wordpress\/ -->\n<title>Startseite<\/title>\n<meta name=\"robots\" content=\"index, follow, max-snippet:-1, max-image-preview:large, max-video-preview:-1\" \/>\n<link rel=\"canonical\" href=\"http:\/\/lottzilla.net\/de\/\" \/>\n<meta property=\"og:locale\" content=\"de_DE\" \/>\n<meta property=\"og:type\" content=\"article\" \/>\n<meta property=\"og:title\" content=\"Startseite\" \/>\n<meta property=\"og:description\" content=\"Willkommen bei unserem Online-Lotto-Ticket-Service! \u00dcber uns k\u00f6nnen Sie Lotto-Tickets f\u00fcr die gr\u00f6\u00dften Jackpots der Welt erhalten. Egal, wo Sie leben, Sie k\u00f6nnen an jeder der Lotterien teilnehmen, f\u00fcr die wir diesen Service anbieten. Sie m\u00fcssen in Ihrem Land gesetzlich alt genug sein, um an einer Lotterie teilzunehmen. W\u00e4hlen Sie einfach eine Lotterie aus dem Men\u00fc &hellip; Mehr \u00fcber &quot;Startseite&quot; Lesen\" \/>\n<meta property=\"og:url\" content=\"http:\/\/lottzilla.net\/de\/\" \/>\n<meta name=\"twitter:card\" content=\"summary_large_image\" \/>\n<script type=\"application\/ld+json\" class=\"yoast-schema-graph\">{\"@context\":\"https:\\\/\\\/schema.org\",\"@graph\":[{\"@type\":\"WebPage\",\"@id\":\"http:\\\/\\\/lottzilla.net\\\/de\\\/\",\"url\":\"http:\\\/\\\/lottzilla.net\\\/de\\\/\",\"name\":\"Startseite\",\"isPartOf\":{\"@id\":\"https:\\\/\\\/lottzilla.net\\\/ja\\\/#website\"},\"datePublished\":\"2025-10-26T13:22:57+00:00\",\"breadcrumb\":{\"@id\":\"http:\\\/\\\/lottzilla.net\\\/de\\\/#breadcrumb\"},\"inLanguage\":\"de\",\"potentialAction\":[{\"@type\":\"ReadAction\",\"target\":[\"http:\\\/\\\/lottzilla.net\\\/de\\\/\"]}]},{\"@type\":\"BreadcrumbList\",\"@id\":\"http:\\\/\\\/lottzilla.net\\\/de\\\/#breadcrumb\",\"itemListElement\":[{\"@type\":\"ListItem\",\"position\":1,\"name\":\"Home\",\"item\":\"http:\\\/\\\/lottzilla.net\\\/de\\\/\"},{\"@type\":\"ListItem\",\"position\":2,\"name\":\"Startseite\"}]},{\"@type\":\"WebSite\",\"@id\":\"https:\\\/\\\/lottzilla.net\\\/ja\\\/#website\",\"url\":\"https:\\\/\\\/lottzilla.net\\\/ja\\\/\",\"name\":\"\",\"description\":\"\",\"potentialAction\":[{\"@type\":\"SearchAction\",\"target\":{\"@type\":\"EntryPoint\",\"urlTemplate\":\"https:\\\/\\\/lottzilla.net\\\/ja\\\/?s={search_term_string}\"},\"query-input\":{\"@type\":\"PropertyValueSpecification\",\"valueRequired\":true,\"valueName\":\"search_term_string\"}}],\"inLanguage\":\"de\"}]}<\/script>\n<!-- \/ Yoast SEO plugin. -->","yoast_head_json":{"title":"Startseite","robots":{"index":"index","follow":"follow","max-snippet":"max-snippet:-1","max-image-preview":"max-image-preview:large","max-video-preview":"max-video-preview:-1"},"canonical":"http:\/\/lottzilla.net\/de\/","og_locale":"de_DE","og_type":"article","og_title":"Startseite","og_description":"Willkommen bei unserem Online-Lotto-Ticket-Service! \u00dcber uns k\u00f6nnen Sie Lotto-Tickets f\u00fcr die gr\u00f6\u00dften Jackpots der Welt erhalten. Egal, wo Sie leben, Sie k\u00f6nnen an jeder der Lotterien teilnehmen, f\u00fcr die wir diesen Service anbieten. Sie m\u00fcssen in Ihrem Land gesetzlich alt genug sein, um an einer Lotterie teilzunehmen. W\u00e4hlen Sie einfach eine Lotterie aus dem Men\u00fc &hellip; Mehr \u00fcber \"Startseite\" Lesen","og_url":"http:\/\/lottzilla.net\/de\/","twitter_card":"summary_large_image","schema":{"@context":"https:\/\/schema.org","@graph":[{"@type":"WebPage","@id":"http:\/\/lottzilla.net\/de\/","url":"http:\/\/lottzilla.net\/de\/","name":"Startseite","isPartOf":{"@id":"https:\/\/lottzilla.net\/ja\/#website"},"datePublished":"2025-10-26T13:22:57+00:00","breadcrumb":{"@id":"http:\/\/lottzilla.net\/de\/#breadcrumb"},"inLanguage":"de","potentialAction":[{"@type":"ReadAction","target":["http:\/\/lottzilla.net\/de\/"]}]},{"@type":"BreadcrumbList","@id":"http:\/\/lottzilla.net\/de\/#breadcrumb","itemListElement":[{"@type":"ListItem","position":1,"name":"Home","item":"http:\/\/lottzilla.net\/de\/"},{"@type":"ListItem","position":2,"name":"Startseite"}]},{"@type":"WebSite","@id":"https:\/\/lottzilla.net\/ja\/#website","url":"https:\/\/lottzilla.net\/ja\/","name":"","description":"","potentialAction":[{"@type":"SearchAction","target":{"@type":"EntryPoint","urlTemplate":"https:\/\/lottzilla.net\/ja\/?s={search_term_string}"},"query-input":{"@type":"PropertyValueSpecification","valueRequired":true,"valueName":"search_term_string"}}],"inLanguage":"de"}]}},"_links":{"self":[{"href":"http:\/\/lottzilla.net\/de\/wp-json\/wp\/v2\/pages\/79","targetHints":{"allow":["GET"]}}],"collection":[{"href":"http:\/\/lottzilla.net\/de\/wp-json\/wp\/v2\/pages"}],"about":[{"href":"http:\/\/lottzilla.net\/de\/wp-json\/wp\/v2\/types\/page"}],"author":[{"embeddable":true,"href":"http:\/\/lottzilla.net\/de\/wp-json\/wp\/v2\/users\/1"}],"replies":[{"embeddable":true,"href":"http:\/\/lottzilla.net\/de\/wp-json\/wp\/v2\/comments?post=79"}],"version-history":[{"count":0,"href":"http:\/\/lottzilla.net\/de\/wp-json\/wp\/v2\/pages\/79\/revisions"}],"wp:attachment":[{"href":"http:\/\/lottzilla.net\/de\/wp-json\/wp\/v2\/media?parent=79"}],"curies":[{"name":"wp","href":"https:\/\/api.w.org\/{rel}","templated":true}]}}