{"id":75,"date":"2025-10-26T13:22:57","date_gmt":"2025-10-26T13:22:57","guid":{"rendered":"http:\/\/lottzilla.net\/hjem\/"},"modified":"2025-10-26T13:22:57","modified_gmt":"2025-10-26T13:22:57","slug":"hjem","status":"publish","type":"page","link":"http:\/\/lottzilla.net\/da\/","title":{"rendered":"Hjem"},"content":{"rendered":"<h2 style=\"text-align: center;\">Velkommen til vores online lotteriservice!<\/h2>\n<p style=\"text-align: center;\">Gennem os kan du f\u00e5 lotterisedler til de st\u00f8rste jackpots i verden. Uanset hvor du bor, kan du spille i enhver af de lotterier, vi tilbyder denne service til. Du skal v\u00e6re gammel nok (i din jurisdiktion) til lovligt at deltage. V\u00e6lg blot et lotteri fra menuen ovenfor, eller klik p\u00e5 banneret nedenfor for at komme i gang.<\/p>\n<p> &nbsp; <\/p>\n","protected":false},"excerpt":{"rendered":"<p>Velkommen til vores online lotteriservice! Gennem os kan du f\u00e5 lotterisedler til de st\u00f8rste jackpots i verden. Uanset hvor du bor, kan du spille i enhver af de lotterier, vi tilbyder denne service til. Du skal v\u00e6re gammel nok (i din jurisdiktion) til lovligt at deltage. V\u00e6lg blot et lotteri fra menuen ovenfor, eller klik &hellip; <\/p>\n<p class=\"link-more\"><a href=\"http:\/\/lottzilla.net\/da\/\" class=\"more-link\">L\u00e6s mere<span class=\"screen-reader-text\"> \u201cHjem\u201d<\/span><\/a><\/p>\n","protected":false},"author":1,"featured_media":0,"parent":0,"menu_order":0,"comment_status":"closed","ping_status":"closed","template":"","meta":{"inspiro_hide_title":false,"footnotes":""},"class_list":["post-75","page","type-page","status-publish","hentry"],"yoast_head":"<!-- This site is optimized with the Yoast SEO plugin v27.6 - https:\/\/yoast.com\/product\/yoast-seo-wordpress\/ -->\n<title>Hjem<\/title>\n<meta name=\"robots\" content=\"index, follow, max-snippet:-1, max-image-preview:large, max-video-preview:-1\" \/>\n<link rel=\"canonical\" href=\"http:\/\/lottzilla.net\/da\/\" \/>\n<meta property=\"og:locale\" content=\"da_DK\" \/>\n<meta property=\"og:type\" content=\"article\" \/>\n<meta property=\"og:title\" content=\"Hjem\" \/>\n<meta property=\"og:description\" content=\"Velkommen til vores online lotteriservice! Gennem os kan du f\u00e5 lotterisedler til de st\u00f8rste jackpots i verden. Uanset hvor du bor, kan du spille i enhver af de lotterier, vi tilbyder denne service til. Du skal v\u00e6re gammel nok (i din jurisdiktion) til lovligt at deltage. V\u00e6lg blot et lotteri fra menuen ovenfor, eller klik &hellip; L\u00e6s mere \u201cHjem\u201d\" \/>\n<meta property=\"og:url\" content=\"http:\/\/lottzilla.net\/da\/\" \/>\n<meta name=\"twitter:card\" content=\"summary_large_image\" \/>\n<script type=\"application\/ld+json\" class=\"yoast-schema-graph\">{\"@context\":\"https:\\\/\\\/schema.org\",\"@graph\":[{\"@type\":\"WebPage\",\"@id\":\"http:\\\/\\\/lottzilla.net\\\/da\\\/\",\"url\":\"http:\\\/\\\/lottzilla.net\\\/da\\\/\",\"name\":\"Hjem\",\"isPartOf\":{\"@id\":\"https:\\\/\\\/lottzilla.net\\\/ja\\\/#website\"},\"datePublished\":\"2025-10-26T13:22:57+00:00\",\"breadcrumb\":{\"@id\":\"http:\\\/\\\/lottzilla.net\\\/da\\\/#breadcrumb\"},\"inLanguage\":\"da-DK\",\"potentialAction\":[{\"@type\":\"ReadAction\",\"target\":[\"http:\\\/\\\/lottzilla.net\\\/da\\\/\"]}]},{\"@type\":\"BreadcrumbList\",\"@id\":\"http:\\\/\\\/lottzilla.net\\\/da\\\/#breadcrumb\",\"itemListElement\":[{\"@type\":\"ListItem\",\"position\":1,\"name\":\"Home\",\"item\":\"http:\\\/\\\/lottzilla.net\\\/da\\\/\"},{\"@type\":\"ListItem\",\"position\":2,\"name\":\"Hjem\"}]},{\"@type\":\"WebSite\",\"@id\":\"https:\\\/\\\/lottzilla.net\\\/ja\\\/#website\",\"url\":\"https:\\\/\\\/lottzilla.net\\\/ja\\\/\",\"name\":\"\",\"description\":\"\",\"potentialAction\":[{\"@type\":\"SearchAction\",\"target\":{\"@type\":\"EntryPoint\",\"urlTemplate\":\"https:\\\/\\\/lottzilla.net\\\/ja\\\/?s={search_term_string}\"},\"query-input\":{\"@type\":\"PropertyValueSpecification\",\"valueRequired\":true,\"valueName\":\"search_term_string\"}}],\"inLanguage\":\"da-DK\"}]}<\/script>\n<!-- \/ Yoast SEO plugin. -->","yoast_head_json":{"title":"Hjem","robots":{"index":"index","follow":"follow","max-snippet":"max-snippet:-1","max-image-preview":"max-image-preview:large","max-video-preview":"max-video-preview:-1"},"canonical":"http:\/\/lottzilla.net\/da\/","og_locale":"da_DK","og_type":"article","og_title":"Hjem","og_description":"Velkommen til vores online lotteriservice! Gennem os kan du f\u00e5 lotterisedler til de st\u00f8rste jackpots i verden. Uanset hvor du bor, kan du spille i enhver af de lotterier, vi tilbyder denne service til. Du skal v\u00e6re gammel nok (i din jurisdiktion) til lovligt at deltage. V\u00e6lg blot et lotteri fra menuen ovenfor, eller klik &hellip; L\u00e6s mere \u201cHjem\u201d","og_url":"http:\/\/lottzilla.net\/da\/","twitter_card":"summary_large_image","schema":{"@context":"https:\/\/schema.org","@graph":[{"@type":"WebPage","@id":"http:\/\/lottzilla.net\/da\/","url":"http:\/\/lottzilla.net\/da\/","name":"Hjem","isPartOf":{"@id":"https:\/\/lottzilla.net\/ja\/#website"},"datePublished":"2025-10-26T13:22:57+00:00","breadcrumb":{"@id":"http:\/\/lottzilla.net\/da\/#breadcrumb"},"inLanguage":"da-DK","potentialAction":[{"@type":"ReadAction","target":["http:\/\/lottzilla.net\/da\/"]}]},{"@type":"BreadcrumbList","@id":"http:\/\/lottzilla.net\/da\/#breadcrumb","itemListElement":[{"@type":"ListItem","position":1,"name":"Home","item":"http:\/\/lottzilla.net\/da\/"},{"@type":"ListItem","position":2,"name":"Hjem"}]},{"@type":"WebSite","@id":"https:\/\/lottzilla.net\/ja\/#website","url":"https:\/\/lottzilla.net\/ja\/","name":"","description":"","potentialAction":[{"@type":"SearchAction","target":{"@type":"EntryPoint","urlTemplate":"https:\/\/lottzilla.net\/ja\/?s={search_term_string}"},"query-input":{"@type":"PropertyValueSpecification","valueRequired":true,"valueName":"search_term_string"}}],"inLanguage":"da-DK"}]}},"_links":{"self":[{"href":"http:\/\/lottzilla.net\/da\/wp-json\/wp\/v2\/pages\/75","targetHints":{"allow":["GET"]}}],"collection":[{"href":"http:\/\/lottzilla.net\/da\/wp-json\/wp\/v2\/pages"}],"about":[{"href":"http:\/\/lottzilla.net\/da\/wp-json\/wp\/v2\/types\/page"}],"author":[{"embeddable":true,"href":"http:\/\/lottzilla.net\/da\/wp-json\/wp\/v2\/users\/1"}],"replies":[{"embeddable":true,"href":"http:\/\/lottzilla.net\/da\/wp-json\/wp\/v2\/comments?post=75"}],"version-history":[{"count":0,"href":"http:\/\/lottzilla.net\/da\/wp-json\/wp\/v2\/pages\/75\/revisions"}],"wp:attachment":[{"href":"http:\/\/lottzilla.net\/da\/wp-json\/wp\/v2\/media?parent=75"}],"curies":[{"name":"wp","href":"https:\/\/api.w.org\/{rel}","templated":true}]}}