{"id":74,"date":"2025-10-26T13:22:57","date_gmt":"2025-10-26T13:22:57","guid":{"rendered":"http:\/\/lottzilla.net\/domu\/"},"modified":"2025-10-26T13:22:57","modified_gmt":"2025-10-26T13:22:57","slug":"domu","status":"publish","type":"page","link":"http:\/\/lottzilla.net\/cs\/","title":{"rendered":"Dom\u016f"},"content":{"rendered":"<h2 style=\"text-align: center;\">V\u00edtejte v na\u0161\u00ed online slu\u017eb\u011b pro n\u00e1kup loterijn\u00edch tiket\u016f!<\/h2>\n<p style=\"text-align: center;\">P\u0159es n\u00e1s si m\u016f\u017eete po\u0159\u00eddit tikety pro nejv\u011bt\u0161\u00ed loterijn\u00ed jackpoty na sv\u011bt\u011b. Nez\u00e1le\u017e\u00ed na tom, kde \u017eijete \u2013 m\u016f\u017eete hr\u00e1t jakoukoli loterii, pro kterou tuto slu\u017ebu nab\u00edz\u00edme. Mus\u00edte b\u00fdt dostate\u010dn\u011b sta\u0159\u00ed podle z\u00e1kon\u016f va\u0161\u00ed zem\u011b, abyste se mohli \u00fa\u010dastnit loterie. Sta\u010d\u00ed vybrat loterii z horn\u00ed nab\u00eddky nebo kliknout na banner n\u00ed\u017ee a za\u010d\u00edt.<\/p>\n<p> &nbsp; <\/p>\n","protected":false},"excerpt":{"rendered":"<p>V\u00edtejte v na\u0161\u00ed online slu\u017eb\u011b pro n\u00e1kup loterijn\u00edch tiket\u016f! P\u0159es n\u00e1s si m\u016f\u017eete po\u0159\u00eddit tikety pro nejv\u011bt\u0161\u00ed loterijn\u00ed jackpoty na sv\u011bt\u011b. Nez\u00e1le\u017e\u00ed na tom, kde \u017eijete \u2013 m\u016f\u017eete hr\u00e1t jakoukoli loterii, pro kterou tuto slu\u017ebu nab\u00edz\u00edme. Mus\u00edte b\u00fdt dostate\u010dn\u011b sta\u0159\u00ed podle z\u00e1kon\u016f va\u0161\u00ed zem\u011b, abyste se mohli \u00fa\u010dastnit loterie. Sta\u010d\u00ed vybrat loterii z horn\u00ed nab\u00eddky &hellip; <\/p>\n<p class=\"link-more\"><a href=\"http:\/\/lottzilla.net\/cs\/\" class=\"more-link\">Read more<span class=\"screen-reader-text\"> &#8222;Dom\u016f&#8220;<\/span><\/a><\/p>\n","protected":false},"author":1,"featured_media":0,"parent":0,"menu_order":0,"comment_status":"closed","ping_status":"closed","template":"","meta":{"inspiro_hide_title":false,"footnotes":""},"class_list":["post-74","page","type-page","status-publish","hentry"],"yoast_head":"<!-- This site is optimized with the Yoast SEO plugin v27.6 - https:\/\/yoast.com\/product\/yoast-seo-wordpress\/ -->\n<title>Dom\u016f<\/title>\n<meta name=\"robots\" content=\"index, follow, max-snippet:-1, max-image-preview:large, max-video-preview:-1\" \/>\n<link rel=\"canonical\" href=\"https:\/\/lottzilla.net\/cs\/\" \/>\n<meta property=\"og:locale\" content=\"cs_CZ\" \/>\n<meta property=\"og:type\" content=\"article\" \/>\n<meta property=\"og:title\" content=\"Dom\u016f\" \/>\n<meta property=\"og:description\" content=\"V\u00edtejte v na\u0161\u00ed online slu\u017eb\u011b pro n\u00e1kup loterijn\u00edch tiket\u016f! P\u0159es n\u00e1s si m\u016f\u017eete po\u0159\u00eddit tikety pro nejv\u011bt\u0161\u00ed loterijn\u00ed jackpoty na sv\u011bt\u011b. Nez\u00e1le\u017e\u00ed na tom, kde \u017eijete \u2013 m\u016f\u017eete hr\u00e1t jakoukoli loterii, pro kterou tuto slu\u017ebu nab\u00edz\u00edme. Mus\u00edte b\u00fdt dostate\u010dn\u011b sta\u0159\u00ed podle z\u00e1kon\u016f va\u0161\u00ed zem\u011b, abyste se mohli \u00fa\u010dastnit loterie. Sta\u010d\u00ed vybrat loterii z horn\u00ed nab\u00eddky &hellip; Read more &quot;Dom\u016f&quot;\" \/>\n<meta property=\"og:url\" content=\"https:\/\/lottzilla.net\/cs\/\" \/>\n<meta name=\"twitter:card\" content=\"summary_large_image\" \/>\n<script type=\"application\/ld+json\" class=\"yoast-schema-graph\">{\"@context\":\"https:\\\/\\\/schema.org\",\"@graph\":[{\"@type\":\"WebPage\",\"@id\":\"https:\\\/\\\/lottzilla.net\\\/cs\\\/\",\"url\":\"https:\\\/\\\/lottzilla.net\\\/cs\\\/\",\"name\":\"Dom\u016f\",\"isPartOf\":{\"@id\":\"https:\\\/\\\/lottzilla.net\\\/ja\\\/#website\"},\"datePublished\":\"2025-10-26T13:22:57+00:00\",\"breadcrumb\":{\"@id\":\"https:\\\/\\\/lottzilla.net\\\/cs\\\/#breadcrumb\"},\"inLanguage\":\"cs\",\"potentialAction\":[{\"@type\":\"ReadAction\",\"target\":[\"https:\\\/\\\/lottzilla.net\\\/cs\\\/\"]}]},{\"@type\":\"BreadcrumbList\",\"@id\":\"https:\\\/\\\/lottzilla.net\\\/cs\\\/#breadcrumb\",\"itemListElement\":[{\"@type\":\"ListItem\",\"position\":1,\"name\":\"Home\",\"item\":\"https:\\\/\\\/lottzilla.net\\\/cs\\\/\"},{\"@type\":\"ListItem\",\"position\":2,\"name\":\"Dom\u016f\"}]},{\"@type\":\"WebSite\",\"@id\":\"https:\\\/\\\/lottzilla.net\\\/ja\\\/#website\",\"url\":\"https:\\\/\\\/lottzilla.net\\\/ja\\\/\",\"name\":\"\",\"description\":\"\",\"potentialAction\":[{\"@type\":\"SearchAction\",\"target\":{\"@type\":\"EntryPoint\",\"urlTemplate\":\"https:\\\/\\\/lottzilla.net\\\/ja\\\/?s={search_term_string}\"},\"query-input\":{\"@type\":\"PropertyValueSpecification\",\"valueRequired\":true,\"valueName\":\"search_term_string\"}}],\"inLanguage\":\"cs\"}]}<\/script>\n<!-- \/ Yoast SEO plugin. -->","yoast_head_json":{"title":"Dom\u016f","robots":{"index":"index","follow":"follow","max-snippet":"max-snippet:-1","max-image-preview":"max-image-preview:large","max-video-preview":"max-video-preview:-1"},"canonical":"https:\/\/lottzilla.net\/cs\/","og_locale":"cs_CZ","og_type":"article","og_title":"Dom\u016f","og_description":"V\u00edtejte v na\u0161\u00ed online slu\u017eb\u011b pro n\u00e1kup loterijn\u00edch tiket\u016f! P\u0159es n\u00e1s si m\u016f\u017eete po\u0159\u00eddit tikety pro nejv\u011bt\u0161\u00ed loterijn\u00ed jackpoty na sv\u011bt\u011b. Nez\u00e1le\u017e\u00ed na tom, kde \u017eijete \u2013 m\u016f\u017eete hr\u00e1t jakoukoli loterii, pro kterou tuto slu\u017ebu nab\u00edz\u00edme. Mus\u00edte b\u00fdt dostate\u010dn\u011b sta\u0159\u00ed podle z\u00e1kon\u016f va\u0161\u00ed zem\u011b, abyste se mohli \u00fa\u010dastnit loterie. Sta\u010d\u00ed vybrat loterii z horn\u00ed nab\u00eddky &hellip; Read more \"Dom\u016f\"","og_url":"https:\/\/lottzilla.net\/cs\/","twitter_card":"summary_large_image","schema":{"@context":"https:\/\/schema.org","@graph":[{"@type":"WebPage","@id":"https:\/\/lottzilla.net\/cs\/","url":"https:\/\/lottzilla.net\/cs\/","name":"Dom\u016f","isPartOf":{"@id":"https:\/\/lottzilla.net\/ja\/#website"},"datePublished":"2025-10-26T13:22:57+00:00","breadcrumb":{"@id":"https:\/\/lottzilla.net\/cs\/#breadcrumb"},"inLanguage":"cs","potentialAction":[{"@type":"ReadAction","target":["https:\/\/lottzilla.net\/cs\/"]}]},{"@type":"BreadcrumbList","@id":"https:\/\/lottzilla.net\/cs\/#breadcrumb","itemListElement":[{"@type":"ListItem","position":1,"name":"Home","item":"https:\/\/lottzilla.net\/cs\/"},{"@type":"ListItem","position":2,"name":"Dom\u016f"}]},{"@type":"WebSite","@id":"https:\/\/lottzilla.net\/ja\/#website","url":"https:\/\/lottzilla.net\/ja\/","name":"","description":"","potentialAction":[{"@type":"SearchAction","target":{"@type":"EntryPoint","urlTemplate":"https:\/\/lottzilla.net\/ja\/?s={search_term_string}"},"query-input":{"@type":"PropertyValueSpecification","valueRequired":true,"valueName":"search_term_string"}}],"inLanguage":"cs"}]}},"_links":{"self":[{"href":"http:\/\/lottzilla.net\/cs\/wp-json\/wp\/v2\/pages\/74","targetHints":{"allow":["GET"]}}],"collection":[{"href":"http:\/\/lottzilla.net\/cs\/wp-json\/wp\/v2\/pages"}],"about":[{"href":"http:\/\/lottzilla.net\/cs\/wp-json\/wp\/v2\/types\/page"}],"author":[{"embeddable":true,"href":"http:\/\/lottzilla.net\/cs\/wp-json\/wp\/v2\/users\/1"}],"replies":[{"embeddable":true,"href":"http:\/\/lottzilla.net\/cs\/wp-json\/wp\/v2\/comments?post=74"}],"version-history":[{"count":0,"href":"http:\/\/lottzilla.net\/cs\/wp-json\/wp\/v2\/pages\/74\/revisions"}],"wp:attachment":[{"href":"http:\/\/lottzilla.net\/cs\/wp-json\/wp\/v2\/media?parent=74"}],"curies":[{"name":"wp","href":"https:\/\/api.w.org\/{rel}","templated":true}]}}